{"id":339,"date":"2018-08-29T14:27:11","date_gmt":"2018-08-29T14:27:11","guid":{"rendered":"https:\/\/ad-analysis.com\/wp_exelect\/?page_id=339"},"modified":"2018-10-16T22:33:52","modified_gmt":"2018-10-16T22:33:52","slug":"terms-of-service","status":"publish","type":"page","link":"https:\/\/ad-analysis.com\/cr\/terms-of-service\/","title":{"rendered":"T\u00e9rminos de Servicio"},"content":{"rendered":"<div>\n<p>Si se est\u00e1 comprometiendo con \u00a0este servicio en nombre de una compa\u00f1\u00eda, usted acepta que est\u00e1 autorizado para representar a la compa\u00f1\u00eda y a aceptar los t\u00e9rminos y condiciones de este acuerdo en nombre de la compa\u00f1\u00eda. Una vez aceptado, el siguiente contrato vinculante se realiza entre Exelect International y la compa\u00f1\u00eda (cliente) de acuerdo con los t\u00e9rminos y condiciones de este acuerdo. Usted acepta no cometer o alentar cualquier violaci\u00f3n del acuerdo entre Exelect y la compa\u00f1\u00eda.<\/p>\n<p>Si usted est\u00e1 entrando en este acuerdo en nombre de su empresa, el t\u00e9rmino &#8220;Cliente&#8221; representa a su empresa, incluyendo a todos sus empleados.<\/p>\n<p>Si est\u00e1 entrando en este acuerdo por cuenta propia, o si no est\u00e1 autorizado para representar a la compa\u00f1\u00eda, acepta que est\u00e1 personalmente obligado por los t\u00e9rminos detallados en este acuerdo y que el t\u00e9rmino &#8220;Cliente&#8221; se refiere a usted.<\/p>\n<p>Lea atentamente las siguientes condiciones antes de comprometerse con sus t\u00e9rminos firmando a continuaci\u00f3n.<\/p>\n<p>&nbsp;<\/p>\n<p>T\u00e9rmino de Acuerdo y Restablecimiento<\/p>\n<p>Exelect International se brinda en una suscripci\u00f3n mensual o anual determinada por el cliente. Si el cliente participa en Exelect 30 d\u00edas de prueba gratis, este acuerdo tiene una duraci\u00f3n de 30 d\u00edas a partir de la fecha de Autorizaci\u00f3n del Servicio. Si despu\u00e9s de la prueba de 30 d\u00edas, el cliente decide no comprar el sistema Exelect, todos los usos del sistema Exelect cesar\u00e1n inmediatamente, incluida la documentaci\u00f3n.<\/p>\n<p>&nbsp;<\/p>\n<p>Terminaci\u00f3n del Acuerdo<\/p>\n<p>Tanto Exelect International como el cliente pueden rescindir este Acuerdo mediante notificaci\u00f3n escrita en cualquier momento.<\/p>\n<p>A la terminaci\u00f3n se aplican las siguientes condiciones:<\/p>\n<p>El cliente puede recuperar una copia de los datos alojados en Exelect,<\/p>\n<p>El cliente debe cesar todo uso del software, excluyendo la recuperaci\u00f3n de los datos recopilados anteriormente, y<\/p>\n<p>Exelect International cerrar\u00e1 la cuenta del cliente.<\/p>\n<p>&nbsp;<\/p>\n<p>Derechos de Administraci\u00f3n de usuarios del software<\/p>\n<p>A lo largo de la vigencia de este contrato, Exelect International otorga a este cliente un derecho limitado, no exclusivo e intransferible para acceder y usar su marca registrada Exelect, los productos de software y la documentaci\u00f3n correspondiente a trav\u00e9s del buscador web, para uso interno del cliente SOLAMENTE. Exelect est\u00e1 disponible para el cliente como un servicio seguro y de hosting. Exelect aloja y mantiene el control f\u00edsico sobre el Software y hace que el cliente pueda acceder y operar a trav\u00e9s del navegador web de Internet. Exelect no est\u00e1 obligado a proporcionar o poner a disposici\u00f3n del cliente ning\u00fan c\u00f3digo inform\u00e1tico del Software en ning\u00fan momento. El Cliente no puede arrendar, distribuir, alquilar ni revender el software Exelect, ni utilizar el Software como base para crear una soluci\u00f3n competitiva, ni eliminar o modificar ninguno de los logotipos, marcas comerciales, confidencialidad o cualquier otra denotaci\u00f3n que aparezca en el software.<\/p>\n<p>Exelect utiliza el hosting virtual KPNQWEST con un firewall hardware de nivel empresarial para proteger la integridad de los datos alojados en la construcci\u00f3n de un entorno compatible con PCI.<\/p>\n<p>&nbsp;<\/p>\n<p>Propuesta de precios<\/p>\n<p>El Cliente se adherir\u00e1 a todos los acuerdos de precios reunidos y acordados por el Cliente y Exelect. El cliente seleccionar\u00e1 el apropiado prepago anual, o prepago mensual, para la licencia. \u00a0El pago se debe realizar por parte del Cliente al recibir la factura de Exelect. Si el pago no se recibe de manera oportuna y adecuada, Exelect se reserva el derecho de desactivar la cuenta del Cliente en cualquier momento hasta que el pago se haya recibido en su totalidad. El pago se puede realizar a trav\u00e9s de una tarjeta de cr\u00e9dito corporativa activa (utilizando un servidor SSL seguro) o mediante transferencia bancaria.<\/p>\n<p>&nbsp;<\/p>\n<p>Propiedad intelectual<\/p>\n<p>El cliente posee todos los derechos, t\u00edtulos e intereses de todos los datos recopilados a trav\u00e9s de empleados o solicitantes de empleo. Exelect retiene todos los derechos, t\u00edtulos e intereses en y para:<\/p>\n<p>Software, documentaci\u00f3n para el software, as\u00ed como adaptaciones o actualizaciones de software, independientemente de la fuente (origen) para la modificaci\u00f3n, independientemente de los aportes brindados por el Cliente.<\/p>\n<p>Todos y cada uno de los datos de rendimiento recopilados se utilizan para mejorar Exelect para fines de negocios, suponiendo que la informaci\u00f3n utilizada no revele la identidad del Cliente ni ninguna informaci\u00f3n personal o de identidad del candidato que pertenezca al Cliente.<\/p>\n<p>&nbsp;<\/p>\n<p>Limitaci\u00f3n de responsabilidad<\/p>\n<p>Este Acuerdo constituye el acuerdo completo de las partes. Las partes acuerdan que cualquier acci\u00f3n presentada para hacer cumplir este Acuerdo se realizar\u00e1 de conformidad con las leyes del pa\u00eds de Suecia.<\/p>\n<\/div>\n","protected":false},"excerpt":{"rendered":"<p>Si se est\u00e1 comprometiendo con \u00a0este servicio en nombre de una compa\u00f1\u00eda, usted acepta que est\u00e1 autorizado para representar a la compa\u00f1\u00eda y a aceptar los t\u00e9rminos y condiciones de este acuerdo en nombre de la compa\u00f1\u00eda. Una vez aceptado, el siguiente contrato vinculante se realiza entre Exelect International y la compa\u00f1\u00eda (cliente) de acuerdo&hellip;<\/p>\n<p><a class=\"btn btn-primary\" href=\"https:\/\/ad-analysis.com\/cr\/terms-of-service\/\">Continue reading <i class=\"fas fa-arrow-right\"><\/i><\/a><\/p>\n","protected":false},"author":2,"featured_media":0,"parent":0,"menu_order":0,"comment_status":"closed","ping_status":"closed","template":"","meta":{"_acf_changed":false,"footnotes":""},"acf":[],"_links":{"self":[{"href":"https:\/\/ad-analysis.com\/cr\/wp-json\/wp\/v2\/pages\/339"}],"collection":[{"href":"https:\/\/ad-analysis.com\/cr\/wp-json\/wp\/v2\/pages"}],"about":[{"href":"https:\/\/ad-analysis.com\/cr\/wp-json\/wp\/v2\/types\/page"}],"author":[{"embeddable":true,"href":"https:\/\/ad-analysis.com\/cr\/wp-json\/wp\/v2\/users\/2"}],"replies":[{"embeddable":true,"href":"https:\/\/ad-analysis.com\/cr\/wp-json\/wp\/v2\/comments?post=339"}],"version-history":[{"count":7,"href":"https:\/\/ad-analysis.com\/cr\/wp-json\/wp\/v2\/pages\/339\/revisions"}],"predecessor-version":[{"id":1623,"href":"https:\/\/ad-analysis.com\/cr\/wp-json\/wp\/v2\/pages\/339\/revisions\/1623"}],"wp:attachment":[{"href":"https:\/\/ad-analysis.com\/cr\/wp-json\/wp\/v2\/media?parent=339"}],"curies":[{"name":"wp","href":"https:\/\/api.w.org\/{rel}","templated":true}]}}