{"id":355,"date":"2018-08-08T20:52:04","date_gmt":"2018-08-08T20:52:04","guid":{"rendered":"https:\/\/ad-analysis.com\/wp_exelect\/?page_id=355"},"modified":"2018-10-16T22:33:20","modified_gmt":"2018-10-16T22:33:20","slug":"privacy-policy","status":"publish","type":"page","link":"https:\/\/ad-analysis.com\/cr\/privacy-policy\/","title":{"rendered":"Pol\u00edtica de Privacidad"},"content":{"rendered":"<p>Entendemos que la informaci\u00f3n de su empresa y su informaci\u00f3n como candidato es muy personal y tomamos todas las precauciones para asegurar que su informaci\u00f3n est\u00e9 segura. Esta pol\u00edtica de privacidad describe como Performia Internacional AB recolecta, usa, y comparte informaci\u00f3n personal de los usuarios de las p\u00e1ginas web<\/p>\n<p><a href=\"https:\/\/ad-analysis.com\/\">www.exelect.com<\/a>y <a href=\"http:\/\/www.tech.interspeedia.com\/\">www.tech.interspeedia.com<\/a><\/p>\n<p>Como usted utiliza nuestros servicios, queremos ser claros en como estamos usando la informaci\u00f3n y las formas en las cuales usted puede proteger su privacidad.<\/p>\n<p>Nuestra pol\u00edtica explica:<\/p>\n<p>Que tipo de informaci\u00f3n recolectamos y porque la recolectamos<\/p>\n<p>C\u00f3mo utilizamos esa informaci\u00f3n<\/p>\n<p>Las opciones que ofrecemos, incluyendo como accesar y actualizar informaci\u00f3n<\/p>\n<p>Hemos tratado de mantenerlo lo m\u00e1s simple posible, sin embargo, si usted no est\u00e1 familiarizado con t\u00e9rminos como cookies, direcci\u00f3n IP y buscador, las definiciones y ejemplos pueden ser encontradas en l\u00ednea, en Google, y le recomendaos que usted primero lea acerca de estos t\u00e9rminos clave. Su privacidad es importante para nosotros, as\u00ed que, ya sea que usted sea un usuario o candidato nuevo o antiguo, por favor t\u00f3mese el tiempo de conocer nuestras pr\u00e1cticas y si tiene preguntas, por favor cont\u00e1ctenos al correo <a href=\"mailto:privacy@performia.net\">privacy@performia.net<\/a><\/p>\n<p>&nbsp;<\/p>\n<p>Informaci\u00f3n Importante<\/p>\n<p>Qui\u00e9nes somos \u2013 Con el prop\u00f3sito de cumplir con la Legislaci\u00f3n de Protecci\u00f3n de Datos de EU (GDPR), el contralor de datos de su informaci\u00f3n es Performia Internacional AB, Bergviksgatan 27, Sodertalje 15250, Suecia, EU. Nuestros servicios son brindados directamente por Performia Internacional AB o por nuestras subsidiarias y oficinas afiliadas de Performia Internacional AB, las cuales est\u00e1n separadas y son entidades legales independientes.<\/p>\n<p>Cada individuo global, nacional, regional o p\u00e1gina web espec\u00edfica dentro de performia.com es brindada por una entidad individual dentro de la red de Performia.<\/p>\n<p>Cambios a esta Pol\u00edtica \u2013 Publicaremos cualquier modificaci\u00f3n o cambios a esta pol\u00edtica en nuestro sitio. Nos reservamos el derecho de modificar la Pol\u00edtica en cualquier momento, as\u00ed que le sugerimos leerla frecuentemente.<\/p>\n<p>&nbsp;<\/p>\n<p>Lo que recolectamos<\/p>\n<p>Hay un rango de informaci\u00f3n que recolectamos acerca de usted, para que pueda utilizar nuestros servicios. Esta informaci\u00f3n incluye:<\/p>\n<p>Informaci\u00f3n que usted nos brinda<\/p>\n<p>Cuando usted es nuestro cliente \u2013 recolectamos su correo electr\u00f3nico, nombres y apellidos, direcci\u00f3n de su empresa, nombre de la empresa, tel\u00e9fonos, n\u00famero de fax (si aplica) e informaci\u00f3n de la empresa para transacciones financieras.<\/p>\n<p>Cuando usted es candidato \u2013 recolectamos su correo electr\u00f3nico, nombres y apellidos, Curr\u00edculo, fecha de nacimiento, fotograf\u00eda (si aplica) direcci\u00f3n IP, direcci\u00f3n, y los cuestionarios que usted llena.<\/p>\n<p>Informaci\u00f3n del Dispositivo \u2013 cuando usted reporta un problema para el acceso a nuestros sistemas, en el reporte recolectamos informaci\u00f3n espec\u00edfica de informaci\u00f3n, como el sistema operativo, si se hace desde una computadora o tel\u00e9fono inteligente, direcci\u00f3n IP del dispositivo, buscador, resoluci\u00f3n de la pantalla. Esta informaci\u00f3n nos ayuda a identificar el problema y resolverlo r\u00e1pidamente.<\/p>\n<p>Bit\u00e1cora de Informaci\u00f3n \u2013 cuando utiliza. Nuestros servicios o usted ve contenido brindado por. Performia Internacional AB, autom\u00e1ticamente recolectamos y guardamos cierta informaci\u00f3n en nuestra bit\u00e1cora de datos. Esta informaci\u00f3n incluye:<\/p>\n<p>Detalles de c\u00f3mo utiliza nuestros servicios<\/p>\n<p>Direcci\u00f3n IP<\/p>\n<p>Cookies que podr\u00edan identificar de forma \u00fanica su buscador<\/p>\n<p>Ubicaci\u00f3n del usuario<\/p>\n<p>Cookies y tecnolog\u00edas similares \u2013 utilizamos distintas tecnolog\u00edas para recolectar y guardar la informaci\u00f3n cuando usted visita la p\u00e1gina de Interspeedia y esto podr\u00eda incluir cookies y tecnolog\u00edas similares para ayudar a identificar su buscador o dispositivo. Tambi\u00e9n utilizamos estas tecnolog\u00edas para recolectar y guardar informaci\u00f3n cuando usted interact\u00faa con los servicios que ofrecemos. Utilizamos Google Analytics, el cual nos ayuda a analizar el tr\u00e1fico en nuestras p\u00e1ginas y usamos cookies con el prop\u00f3sito de llevar estad\u00edsticas \u2013 recolectamos informaci\u00f3n de como los visitantes utilizan nuestra p\u00e1gina web.<\/p>\n<p>&nbsp;<\/p>\n<p>Lo que hacemos con esta informaci\u00f3n<\/p>\n<p>Usamos la informaci\u00f3n que recolectamos de las siguientes formas:<\/p>\n<p>Para operar, mantener y mejorar nuestros servicios<\/p>\n<p>Para crear su cuenta, identificarlo como usuario\/candidato<\/p>\n<p>Para enviarle comunicaci\u00f3n promocional \u2013 esto podr\u00eda incluir ofertas por correo electr\u00f3nico, notificaciones del sistema, encuestas, u otros boletines. Usted puede optar por no recibir e-mails de mercadeo en cualquier momento, en el correo se le indicar\u00e1 como puede desinscribirse.<\/p>\n<p>Para enviarle comunicaci\u00f3n administrativa. Esto podr\u00eda incluir correos administrativos, confirmaciones, temas t\u00e9cnicos, actualizaciones y alertas de seguridad.<\/p>\n<p>Para responder a sus comentarios y preguntas y brindarle soporte al usuario.<\/p>\n<p>Para proteger, investigar y prevenir cualquier actividad fraudulenta, no autorizada o ilegal.<\/p>\n<p>Transparencia y elecci\u00f3n<\/p>\n<p>Las personas tienen diferentes preocupaciones en cuanto a su privacidad. Nuestra meta, es ser claros acerca de cual informaci\u00f3n recolectamos para que usted pueda realizar su propia elecci\u00f3n acerca de c\u00f3mo es utilizada:<\/p>\n<p>Usted puede revisar, actualizar, o borrar su informaci\u00f3n simplemente ingresando con su login en nuestro sistema.<\/p>\n<p>Usted puede borrar las cookies en su buscador o bloquearlos. Sin embargo, es importante recordar que nuestros servicios brindados por medio de las paginas podr\u00edan no funcionar correctamente si las cookies se deshabilitan.<\/p>\n<p>&nbsp;<\/p>\n<p>Accesando y actualizando su informaci\u00f3n personal<\/p>\n<p>Cuando usted utilice nuestros servicios, nuestra meta es brindarle acceso a su informaci\u00f3n personal. Si esa informaci\u00f3n es incorrecta, nos esmeramos en darle opciones para actualizarla r\u00e1pidamente o borrarla, a menos que tengamos que mantener esa informaci\u00f3n por negocios o fines legales.<\/p>\n<p>Nuestro objetivo es mantener nuestros servicios de manera que proteja la informaci\u00f3n de destrucci\u00f3n maliciosa o accidental. Debido a esto, despu\u00e9s de que usted borrar informaci\u00f3n de nuestros servicios, podr\u00edamos no inmediatamente borrar copias residuales y no removemos informaci\u00f3n de nuestro servidor activo, as\u00ed como no removemos inmediatamente informaci\u00f3n de nuestro servidor de respaldo.<\/p>\n<p>&nbsp;<\/p>\n<p>Informaci\u00f3n que compartimos<\/p>\n<p>No compartimos informaci\u00f3n personal con las empresas, organizaciones, individuos fuera de Performia, a menos que aplique una de las siguientes circunstancias:<\/p>\n<p>Tercer partido designado por usted: podr\u00edamos compartir su informaci\u00f3n personal con terceros partidos si usted ha dado su consentimiento para ello.<\/p>\n<p>Nuestro proveedor de servicios para terceros partidos (aplica solo para clientes): podr\u00edamos compartir informaci\u00f3n con nuestros proveedores de servicios de terceros partidos que nos brindan servicios como an\u00e1lisis de datos, facturaci\u00f3n, tecnolog\u00eda de la informaci\u00f3n e infraestructura relacionada, entrega de correos electr\u00f3nicos, y cualquier otro servicio similar.<\/p>\n<p>Nosotros requerimos de nuestro proveedor de servicios de terceros partidos utilizar su informaci\u00f3n solamente para brindarnos los servicios que requerimos.<\/p>\n<p>Nuestros proveedores son:<\/p>\n<p>&#8211; RAYNET s.r.o., Francouzska 6167\/5, Poruba 70800, Ostrava, Republica Checa<\/p>\n<p>&#8211; QUANDA International s.r.o., Podebradska 206\/57, 198 00 Praga 9, Republica Checa<\/p>\n<p>&#8211; Sengrid, 1801 California Street, Denver, CO 80202, USA<\/p>\n<p>&#8211; SMSAPI &#8211; ComVision sp. z o. o., ul. Toszecka 10,144-100 Gliwice, Polonia<\/p>\n<p>&#8211; Equinix Inc. \u2013 Via Francesco Sforza 13, 20080 Basiglio (MI), Italia<\/p>\n<p>&#8211; LibertyLine s.r.l. &#8211; Via Macaggi 17, 16121 Genova, Italia<\/p>\n<p>&#8211; Fortnox AB, Bollgatan 3B, 352 46 V\u00e4xsj\u00f6, Suecia<\/p>\n<p>&nbsp;<\/p>\n<p>Restructuraci\u00f3n Corporativa \u2013 Podr\u00edamos compartir informaci\u00f3n personal cuando realizamos una transacci\u00f3n de negocios, o negociamos una oportunidad, lo cual involucra ventas o la transferencia de toda o una parte de nuestros negocios o activos. Estos detalles pueden incluir cualquier fusi\u00f3n, financiamiento, compra, o transacci\u00f3n de quiebra, o procedimiento.<\/p>\n<p>&nbsp;<\/p>\n<p>Administradores \u2013 su cuenta es manejada tambi\u00e9n por su oficina local o administrador global. Esto significa que el administrador y los revendedores quienes brindan soporte a su organizaci\u00f3n o a usted como individuo tendr\u00e1n acceso a la informaci\u00f3n de su cuenta (incluyendo su correo electr\u00f3nico, y otra informaci\u00f3n). Su administrador de pa\u00eds tambi\u00e9n ser\u00e1 capaz de:<\/p>\n<p>Ver estad\u00edsticas acerca de su cuenta \u2013 uso de los servicios<\/p>\n<p>Entrar con su cuenta para poder ayudarle a resolver alg\u00fan problema<\/p>\n<p>Suspender o cerrar su acceso a la cuenta<\/p>\n<p>Accesar o retener informaci\u00f3n guardada como parte de su cuenta<\/p>\n<p>&nbsp;<\/p>\n<p>Otras revelaciones \u2013 Podr\u00edamos compartir informaci\u00f3n personal seg\u00fan lo creamos necesario a) para cumplir con las leyes aplicables; b) para cumplir con requerimientos legales o procesos legales, incluyendo la respuesta ante autoridades publicas o gubernamentales, para cumplir con la seguridad nacional o la aplicaci\u00f3n de la ley; c) para reforzar nuestra pol\u00edtica; d) para proteger nuestros derechos, privacidad, seguridad o propiedad y la suya o la de otros.<\/p>\n<p>&nbsp;<\/p>\n<p>Seguridad de la Informaci\u00f3n<\/p>\n<p>Trabajamos duro en proteger a nuestros usuarios de accesos no autorizados o alteraciones no autorizadas, revelaciones o destrucci\u00f3n de la informaci\u00f3n que guardamos. En particular:<\/p>\n<p>Encriptamos nuestros servicios utilizando SSL<\/p>\n<p>Restringimos el acceso a informaci\u00f3n personal a nuestros empleados, proveedores, y agentes, quienes necesitan conocer la informaci\u00f3n para procesarla o entregarle un servicio a usted, y los cuales est\u00e1n sujetos a un estricto contrato de confidencialidad obligatoria y podr\u00edan ser disciplinados o despedidos si fallan en cumplir con estas obligaciones.<\/p>\n<p>&nbsp;<\/p>\n<p>Datos An\u00f3nimos<\/p>\n<p>Cuando utilizamos el termino \u201cdatos an\u00f3nimos\u201d, nos referimos a los datos e informaci\u00f3n que no permite identificarle, ya sea solo o combinado con cualquier otra informaci\u00f3n disponible a un tercer partido.<\/p>\n<p>Podr\u00edamos crear datos an\u00f3nimos de la informaci\u00f3n personal recibida acerca de usted y otros individuos de quienes recolectamos informaci\u00f3n. Los datos an\u00f3nimos podr\u00edan incluir an\u00e1lisis de informaci\u00f3n e informaci\u00f3n recolectada por medio del uso de cookies. Convertimos la informaci\u00f3n personal en datos an\u00f3nimos al excluir informaci\u00f3n, como el nombre, la direcci\u00f3n de correo electr\u00f3nico, numero de tel\u00e9fono, fecha de nacimiento, lo cual hacen la informaci\u00f3n identificable. Utilizamos esos datos an\u00f3nimos para fines estad\u00edsticos y para mejorar nuestros servicios.<\/p>\n<p>&nbsp;<\/p>\n<p>Opciones de informaci\u00f3n y Cambios<\/p>\n<p>Desinscribirse \u2013 Usted puede contactarnos en cualquier momento para desinscribirse de a) comunicaci\u00f3n promocional; b) cualquier nuevo procesamiento de su informaci\u00f3n personal que haya sido utilizada fuera del fin inicial; o c) la transferencia de su informaci\u00f3n personal afuera de la EU (Uni\u00f3n Europea).\u00a0 Por favor note que el uso de algunos de nuestras paginas o servicios podr\u00edan no funcionar si se desinscribe.<\/p>\n<p>Acceso \u2013 Usted puede accesar la informaci\u00f3n que guardamos de usted, en cualquier momento, revisando su cuenta en las paginas <a href=\"https:\/\/ad-analysis.com\/\">www.exelect.com\u00a0<\/a>y <a href=\"http:\/\/www.tech.interspeedia.com\/\">www.tech.interspeedia.com<\/a><\/p>\n<p>Mover \u2013 Como candidato, su informaci\u00f3n personal es transferible \u2013 usted tiene la posibilidad de bajar su informaci\u00f3n en formato PDF y moverlo a otro servidor si usted o desea.<\/p>\n<p>Borrar y olvidar \u2013 en ciertas situaciones, por ejemplo, cuando la informaci\u00f3n que tenemos acerca de usted ya no es relevante o es incorrecta, usted nos puede solicitar borrar su informaci\u00f3n. En todo caso, toda la informaci\u00f3n acerca de candidatos es borrada autom\u00e1ticamente despu\u00e9s de 2 a\u00f1os.<\/p>\n<p>En caso de que haya olvidado su acceso, por favor cont\u00e1ctenos directamente a <a href=\"mailto:privacy@performia.net\">privacy@performia.net<\/a>o por medio de nuestra pagina web. En su solicitud, por favor sea claro en cuanto a a) la informaci\u00f3n personal concerniente; b) nombre de la empresa; c) el correo electr\u00f3nico que usted utiliza para ingresar; d) cual de los derechos arriba mencionados le gustar\u00eda hacer cumplir. Para su protecci\u00f3n, puede que solamente tomemos en cuenta peticiones con respecto a informaci\u00f3n personal asociada con el correo electr\u00f3nico en particular que usted utiliza para enviarnos la solicitud, y podr\u00edamos requerir verificar su identidad antes de cumplir con su solicitud. Trataremos de cumplir con su solicitud tan pronto como sea razonablemente posible.<\/p>\n<p>Tenga en cuenta que debemos conservar cierta informaci\u00f3n para fines de mantenimiento de registros y\/o para completar cualquier transacci\u00f3n que usted haya iniciado antes de solicitar el cambio o la eliminaci\u00f3n, a menos que la ley exija o permita un per\u00edodo de retenci\u00f3n m\u00e1s prolongado (por ejemplo, con fines reglamentarios).<\/p>\n<p>Cuando reciba correos electr\u00f3nicos promocionales de nuestra parte, tambi\u00e9n puede darse de baja o cancelar su suscripci\u00f3n haciendo clic en el enlace que se encuentra en la parte inferior de cualquier correo electr\u00f3nico promocional. No puede optar por no recibir comunicaci\u00f3n administrativa.<\/p>\n<p>&nbsp;<\/p>\n<p>Testimonios de usuarios y comentarios<\/p>\n<p>A menudo recibimos testimonios y comentarios de usuarios que han tenido experiencias positivas con nuestros servicios, y ocasionalmente los publicamos. Obtenemos el consentimiento del usuario antes de publicar cualquier comentario en un \u00e1rea p\u00fablica de los sitios.<\/p>\n<p>Mantenemos su informaci\u00f3n personal privada y segura.<\/p>\n","protected":false},"excerpt":{"rendered":"<p>Entendemos que la informaci\u00f3n de su empresa y su informaci\u00f3n como candidato es muy personal y tomamos todas las precauciones para asegurar que su informaci\u00f3n est\u00e9 segura. Esta pol\u00edtica de privacidad describe como Performia Internacional AB recolecta, usa, y comparte informaci\u00f3n personal de los usuarios de las p\u00e1ginas web www.exelect.comy www.tech.interspeedia.com Como usted utiliza nuestros&hellip;<\/p>\n<p><a class=\"btn btn-primary\" href=\"https:\/\/ad-analysis.com\/cr\/privacy-policy\/\">Continue reading <i class=\"fas fa-arrow-right\"><\/i><\/a><\/p>\n","protected":false},"author":2,"featured_media":0,"parent":0,"menu_order":0,"comment_status":"closed","ping_status":"closed","template":"","meta":{"_acf_changed":false,"footnotes":""},"acf":[],"_links":{"self":[{"href":"https:\/\/ad-analysis.com\/cr\/wp-json\/wp\/v2\/pages\/355"}],"collection":[{"href":"https:\/\/ad-analysis.com\/cr\/wp-json\/wp\/v2\/pages"}],"about":[{"href":"https:\/\/ad-analysis.com\/cr\/wp-json\/wp\/v2\/types\/page"}],"author":[{"embeddable":true,"href":"https:\/\/ad-analysis.com\/cr\/wp-json\/wp\/v2\/users\/2"}],"replies":[{"embeddable":true,"href":"https:\/\/ad-analysis.com\/cr\/wp-json\/wp\/v2\/comments?post=355"}],"version-history":[{"count":5,"href":"https:\/\/ad-analysis.com\/cr\/wp-json\/wp\/v2\/pages\/355\/revisions"}],"predecessor-version":[{"id":1622,"href":"https:\/\/ad-analysis.com\/cr\/wp-json\/wp\/v2\/pages\/355\/revisions\/1622"}],"wp:attachment":[{"href":"https:\/\/ad-analysis.com\/cr\/wp-json\/wp\/v2\/media?parent=355"}],"curies":[{"name":"wp","href":"https:\/\/api.w.org\/{rel}","templated":true}]}}