{"id":1317,"date":"2018-08-29T14:27:11","date_gmt":"2018-08-29T14:27:11","guid":{"rendered":"https:\/\/ad-analysis.com\/wp_exelect\/?page_id=1317"},"modified":"2018-11-07T19:25:36","modified_gmt":"2018-11-07T19:25:36","slug":"terms-of-service","status":"publish","type":"page","link":"https:\/\/ad-analysis.com\/es_co\/terms-of-service\/","title":{"rendered":"T\u00e9rminos de Servicio"},"content":{"rendered":"<p>Si usted est\u00e1 tomando este servicio de parte de una compa\u00f1\u00eda, usted consiente que est\u00e1 autorizado apropiadamente para representar dicha compa\u00f1\u00eda y acepta los t\u00e9rminos y condiciones de este acuerdo de parte de una compa\u00f1\u00eda. Al aceptar, el siguiente contrato vinculante es configurado entre Exelect International y la compa\u00f1\u00eda (cliente) de acuerdo con los t\u00e9rminos y condiciones de este acuerdo. Usted acepta no cometer o alentar ninguna violaci\u00f3n del acuerdo entre Exelect y la compa\u00f1\u00eda.<\/p>\n<p>Si usted est\u00e1 haciendo este acuerdo de parte de su compa\u00f1\u00eda, el t\u00e9rmino &#8220;Cliente&#8221; representa su compa\u00f1\u00eda, incluyendo todos sus empleados.<\/p>\n<p>Si usted est\u00e1 haciendo este acuerdo por su propia parte, o no est\u00e1 autorizado para representar la compa\u00f1\u00eda, est\u00e1 aceptando que usted est\u00e1 personalmente comprometido a los t\u00e9rminos en este acuerdo, y el t\u00e9rmino &#8220;Cliente&#8221; se refiere a usted.<\/p>\n<p>Por favor lea las siguientes condiciones cuidadosamente antes de comprometerse a ellas firmando debajo.<\/p>\n<p><strong>T\u00e9rmino de Acuerdo y Reinstalaci\u00f3n<\/strong><br \/>\nExelect International es prove\u00edda en suscripciones mensuales o anuales determinadas por el cliente. Si el cliente est\u00e1 participando en la prueba gratuita de 30 d\u00edas de Exelect, este acuerdo dura 30 d\u00edas desde la fecha de autorizaci\u00f3n del servicio. Si despu\u00e9s de la prueba de 30 d\u00edas el cliente decide no comprar el sistema Exelect, todo uso del sistema\u00a0Exelect\u00a0cesar\u00e1 inmediatamente, incluyendo la documentaci\u00f3n.<\/p>\n<p><strong>Terminaci\u00f3n del Acuerdo<\/strong><br \/>\nTanto Exelect International o el cliente pueden terminar este acuerdo v\u00eda notificaci\u00f3n escrita en cualquier momento.<\/p>\n<p>Al momento de la terminaci\u00f3n, las siguientes condiciones aplican:<\/p>\n<ul>\n<li style=\"list-style-type: none;\">\n<ul>\n<li>El cliente puede recoger una copia de la informaci\u00f3n almacenada en\u00a0Exelect,<\/li>\n<\/ul>\n<\/li>\n<\/ul>\n<ul>\n<li style=\"list-style-type: none;\">\n<ul>\n<li>El cliente debe cesar todo uso del software excluyendo la recolecci\u00f3n de datos recogidos previamente, y<\/li>\n<\/ul>\n<\/li>\n<\/ul>\n<ul>\n<li style=\"list-style-type: none;\">\n<ul>\n<li>Exelect International terminar\u00e1 la cuenta del cliente.<\/li>\n<\/ul>\n<\/li>\n<\/ul>\n<p>&nbsp;<\/p>\n<p><strong>Derechos de Administraci\u00f3n del Usuario de Software<\/strong><br \/>\nA lo largo del t\u00e9rmino del contrato, Exelect International provee al cliente un derecho limitado, no exclusivo y no transferible para usar y acceder a los productos de software alojados por Exelect, igual que la documentaci\u00f3n correspondiente, a trav\u00e9s de navegadores de internet, para uso empresarial del cliente SOLAMENTE.\u00a0Exelect\u00a0es un servicio alojado seguro prove\u00eddo al cliente.\u00a0Exelect\u00a0aloja y mantiene control f\u00edsico sobre el software, y lo hace accesible y operacional por el cliente a trav\u00e9s de navegadores de internet.\u00a0Exelect\u00a0no est\u00e1 obligada a proveer o hacer disponible ning\u00fan c\u00f3digo de Software a un cliente en ning\u00fan momento. El cliente no podr\u00e1 arrendar, distribuir o revender el software de\u00a0Exelect, o usar el software como base para la creaci\u00f3n de una soluci\u00f3n competitiva, o remover o modificar cualquiera de los logos, marcas, confidencialidad o cualquier otra denotaci\u00f3n que aparezca en el software.<\/p>\n<p>Exelect utiliza alojamiento virtual KPNQWEST con un firewall de hardware de grado empresarial para proteger la integridad de los datos alojados, construyendo as\u00ed un entorno PCI adecuado.<\/p>\n<p><strong>Propuesta de precios<\/strong><br \/>\nEl cliente se adherir\u00e1 a todos los arreglos de precios armados y acordados por el cliente e Interspeedia. El cliente seleccionar\u00e1 las cuotas de licenciaci\u00f3n prepagadas mensuales o anuales apropiadas. El cliente debe realizar el pago al momento de recibir la factura de Exelect. Si el pago no es recibido de manera apropiada y a tiempo,\u00a0Exelect\u00a0se reserva el derecho de desactivar la cuenta del cliente en cualquier momento, hasta que el pago haya sido recibido por completo. El pago puede ser hecho v\u00eda tarjeta de cr\u00e9dito corporativa (utilizando un servidor SSL seguro) o a trav\u00e9s de transferencia bancaria.<\/p>\n<p><strong>Propiedad Intelectual<\/strong><br \/>\nEl cliente posee todos los derechos, t\u00edtulo e intereses a toda la informaci\u00f3n recolectada v\u00eda empleados o candidatos aplicantes.\u00a0Exelect\u00a0retiene todo derecho, t\u00edtulo e inter\u00e9s de, y a:<\/p>\n<ul>\n<li style=\"list-style-type: none;\">\n<ul>\n<li>Software, documentaci\u00f3n para el software, al igual que cualquier adaptaci\u00f3n o actualizaci\u00f3n de software, sin importar el origen de la motivaci\u00f3n para la modificaci\u00f3n, y sin importar los aportes del cliente.<\/li>\n<\/ul>\n<\/li>\n<\/ul>\n<ul>\n<li style=\"list-style-type: none;\">\n<ul>\n<li>Toda informaci\u00f3n de desempe\u00f1o recolectada, utilizada para mejorar\u00a0Exelect para prop\u00f3sitos de negocio, asumiendo que la informaci\u00f3n usada no revela la identidad del cliente, o cualquier informaci\u00f3n personal o de identidad que pertenezca al cliente.<\/li>\n<\/ul>\n<\/li>\n<\/ul>\n<p><strong>Limitaci\u00f3n de responsabilidad<\/strong><br \/>\nEste acuerdo constituye el acuerdo completo de las partes. Las partes acuerdan que cualquier acci\u00f3n hecha para hacer cumplir este acuerdo estar\u00e1 de acuerdo con las leyes del pa\u00eds de Suecia.<\/p>\n","protected":false},"excerpt":{"rendered":"<p>Si usted est\u00e1 tomando este servicio de parte de una compa\u00f1\u00eda, usted consiente que est\u00e1 autorizado apropiadamente para representar dicha compa\u00f1\u00eda y acepta los t\u00e9rminos y condiciones de este acuerdo de parte de una compa\u00f1\u00eda. Al aceptar, el siguiente contrato vinculante es configurado entre Exelect International y la compa\u00f1\u00eda (cliente) de acuerdo con los t\u00e9rminos&hellip;<\/p>\n<p><a class=\"btn btn-primary\" href=\"https:\/\/ad-analysis.com\/es_co\/terms-of-service\/\">Continue reading <i class=\"fas fa-arrow-right\"><\/i><\/a><\/p>\n","protected":false},"author":2,"featured_media":0,"parent":0,"menu_order":0,"comment_status":"closed","ping_status":"closed","template":"","meta":{"_acf_changed":false,"footnotes":""},"acf":[],"_links":{"self":[{"href":"https:\/\/ad-analysis.com\/es_co\/wp-json\/wp\/v2\/pages\/1317"}],"collection":[{"href":"https:\/\/ad-analysis.com\/es_co\/wp-json\/wp\/v2\/pages"}],"about":[{"href":"https:\/\/ad-analysis.com\/es_co\/wp-json\/wp\/v2\/types\/page"}],"author":[{"embeddable":true,"href":"https:\/\/ad-analysis.com\/es_co\/wp-json\/wp\/v2\/users\/2"}],"replies":[{"embeddable":true,"href":"https:\/\/ad-analysis.com\/es_co\/wp-json\/wp\/v2\/comments?post=1317"}],"version-history":[{"count":4,"href":"https:\/\/ad-analysis.com\/es_co\/wp-json\/wp\/v2\/pages\/1317\/revisions"}],"predecessor-version":[{"id":1725,"href":"https:\/\/ad-analysis.com\/es_co\/wp-json\/wp\/v2\/pages\/1317\/revisions\/1725"}],"wp:attachment":[{"href":"https:\/\/ad-analysis.com\/es_co\/wp-json\/wp\/v2\/media?parent=1317"}],"curies":[{"name":"wp","href":"https:\/\/api.w.org\/{rel}","templated":true}]}}