{"id":1342,"date":"2018-08-08T20:52:04","date_gmt":"2018-08-08T20:52:04","guid":{"rendered":"https:\/\/ad-analysis.com\/wp_exelect\/?page_id=1342"},"modified":"2018-11-07T19:23:40","modified_gmt":"2018-11-07T19:23:40","slug":"privacy-policy","status":"publish","type":"page","link":"https:\/\/ad-analysis.com\/es_co\/privacy-policy\/","title":{"rendered":"Pol\u00edtica de Privacidad"},"content":{"rendered":"<p>Entendemos que la informaci\u00f3n de su empresa y de sus candidatos es muy importante y personal, y tomamos todas las precauciones posibles para asegurarnos de que permanezcan seguras. Esta pol\u00edtica de privacidad describe c\u00f3mo Performia International AB recolecta, usa y comparte la informaci\u00f3n personal de los usuarios de nuestras p\u00e1ginas en<\/p>\n<p><a href=\"https:\/\/ad-analysis.com\" target=\"_blank\" rel=\"noopener\">www.exelect.com<\/a> y\u00a0<a href=\"http:\/\/www.tech.interspeedia.com\" target=\"_blank\" rel=\"noopener\">www.tech.interspeedia.com<\/a><\/p>\n<p>Cuando usas nuestros servicios, queremos que tenga clara la manera en la que usamos la informaci\u00f3n que nos es proporcionada, y las maneras en las que puede proteger su privacidad<\/p>\n<p>Nuestra pol\u00edtica explica:<\/p>\n<ul>\n<li>Qu\u00e9 informaci\u00f3n recolectamos y por qu\u00e9 la recolectamos<\/li>\n<li>C\u00f3mo usamos esta informaci\u00f3n<\/li>\n<li>Las opciones que ofrecemos, incluyendo como acceder a, y actualizar informaci\u00f3n<\/li>\n<\/ul>\n<p>Hemos procurado mantener esto lo m\u00e1s simple posible, pero si no est\u00e1 familiarizado con t\u00e9rminos como cookies, direcci\u00f3n IP o navegador, puede encontrar su significado en Google, y le recomendamos que si informe sobre estos t\u00e9rminos clave primero. Su privacidad es importante para nosotros, as\u00ed que ya sea usted un usuario o candidato nuevo o veterano, le pedimos que se tome el tiempo de conocer nuestras pr\u00e1cticas, y nos contacte en caso de tener dudas o preguntas, escribiendo un correo a\u00a0<a href=\"mailto:privacy@performia.net\">privacy@performia.net.<\/a><\/p>\n<h3>Informaci\u00f3n Importante<\/h3>\n<p><span style=\"font-weight: bold;\">Qui\u00e9nes somos<\/span> &#8211;\u00a0 Para el prop\u00f3sito de la legislaci\u00f3n de protecci\u00f3n de datos en la EU (GDPR), el controlador de su informaci\u00f3n personal es Performia International AB, Bergviksgatan 27, Sodertalje 15250, Suecia, EU. Nuestros servicios son prove\u00eddos directamente por Performia International AB o por subsidiarias o afiliados a Performia International AB que son entidades legales separadas e independientes.<\/p>\n<p>Cada sitio global, nacional, local, o espec\u00edfico a pr\u00e1cticas perteneciente a performia.com es prove\u00eddo por una entidad individual dentro de la Performia Network.<\/p>\n<p><span style=\"font-weight: bold;\">Cambios a esta Pol\u00edtica<\/span>\u00a0&#8211; Publicaremos cualquier modificaci\u00f3n o cambio a esta pol\u00edtica en nuestro sitio. Nos reservamos el derecho a modificar esta pol\u00edtica en cualquier momento, as\u00ed que le recomendamos leerla frecuentemente.<\/p>\n<h3>Qu\u00e9 recolectamos<\/h3>\n<p>Recolectamos cierto tipo de informaci\u00f3n acerca de usted para que pueda usar nuestros servicios. Esta informaci\u00f3n puede incluir:<\/p>\n<ul>\n<li><span style=\"font-weight: bold;\">Informaci\u00f3n que usted nos da <\/span>&#8211; En el caso de nuestros clientes, recolectamos su direcci\u00f3n de correo electr\u00f3nico, nombre y apellido, direcci\u00f3n de su empresa, nombre de su empresa, n\u00famero de tel\u00e9fono y de fax si aplica, y la informaci\u00f3n de la empresa necesaria para transacciones financieras. En el caso de nuestros candidatos, recolectamos su direcci\u00f3n de correo electr\u00f3nico, nombre y apellido, domicilio, hoja de vida, fecha de nacimiento si aplica, foto si aplica, direcci\u00f3n IP y las entrevistas y pruebas que llen\u00f3.<\/li>\n<li><span style=\"font-weight: bold;\">Informaci\u00f3n de dispositivos<\/span>\u00a0&#8211; Cuando usted reporta un problema de acceso a nuestro sistema, en el reporte recogemos informaci\u00f3n espec\u00edfica a su dispositivo, como sistema operativo, el tipo de sistema, m\u00f3vil o computador; direcci\u00f3n IP del dispositivo, navegador y resoluci\u00f3n de pantalla. Esto nos ayuda a identificar su problema m\u00e1s r\u00e1pido en muchas ocasiones, igual que resolverlo lo antes posible.<\/li>\n<li><span style=\"font-weight: bold;\">Informaci\u00f3n de sesi\u00f3n<\/span> &#8211; Cuando usted usa nuestros servicios, o visualiza contenido prove\u00eddo por Performia International AB, autom\u00e1ticamente recogemos y almacenamos cierta informaci\u00f3n en nuestro servidor. Esto incluye:\n<ul>\n<li>Detalles de c\u00f3mo usa nuestros servicios<\/li>\n<li>Direcci\u00f3n IP<\/li>\n<li>Cookies que puedan identificar su navegador exclusivamente<\/li>\n<li>Ubicaci\u00f3n del usuario<\/li>\n<\/ul>\n<\/li>\n<\/ul>\n<ul>\n<li><span style=\"font-weight: bold;\">Cookies y tecnolog\u00eda similar<\/span>\u00a0&#8211; Usamos diferentes tecnolog\u00edas para recoger y almacenar informaci\u00f3n cuando usted visita el sitio web de Interspeedia, lo cual puede incluir el uso de cookies y herramientas similares para identificar su navegador o dispositivo. Tambi\u00e9n usamos estas herramientas para recolectar y almacenar informaci\u00f3n cuando usted interact\u00faa con servicios que ofrecemos. Tambi\u00e9n utilizamos Google Analytics, que nos ayuda a analizar el tr\u00e1fico a nuestros sitios, y tambi\u00e9n usamos cookies con prop\u00f3sitos estad\u00edsticos, recogiendo la informaci\u00f3n acerca de c\u00f3mo nuestros visitantes utilizan nuestro sitio.<\/li>\n<\/ul>\n<h3>Qu\u00e9 hacemos con esta informaci\u00f3n<\/h3>\n<p>Usamos la informaci\u00f3n que recogemos de las siguientes maneras:<\/p>\n<ul>\n<li>Para operar, mantener y mejorar nuestros servicios<\/li>\n<li>Para crear su cuenta e identificarlo como un usuario \/ candidato<\/li>\n<li>Para enviarle comunicaci\u00f3n promocional. Esto puede incluir correos electr\u00f3nicos con ofertas, notificaciones del sistema, encuestas u otros boletines. Usted puede desuscribirse de nuestras listas de mailing de marketing en cualquier momento: Los correos de marketing incluyen un bot\u00f3n para hacerlo.<\/li>\n<li>Para enviarle comunicaci\u00f3n administrativa. Esto puede incluir correos administrativos, confirmaciones, noticias t\u00e9cnicas, actualizaciones y alertas de seguridad.<\/li>\n<li>Para responder a sus comentarios y preguntas, y proveerle servicio al usuario.<\/li>\n<li>Para proteger, investigar, y desalentar actividad fraudulenta, no autorizada, o ilegal.<\/li>\n<\/ul>\n<h3>Transparencia y elecci\u00f3n<\/h3>\n<p>Las personas tienen diferentes preocupaciones con respecto a su privacidad. Nuestro objetivo es ser claros acerca de la informaci\u00f3n que recolectamos de manera que usted pueda tomar la decisi\u00f3n de c\u00f3mo quiere que sea usada:<\/p>\n<p>Usted puede revisar, actualizar o eliminar sus datos simplemente entrando a nuestro sistema con su cuenta y contrase\u00f1a.<\/p>\n<p>Usted puede eliminar los cookies en su navegador, o bloquearlos. Sin embargo, es importante que recuerde que los servicios prove\u00eddos por nuestros sitios web pueden no funcionar correctamente con los cookies desactivados.<\/p>\n<h3>Acceder y actualizar su informaci\u00f3n personal<\/h3>\n<p>Cuando usa nuestros servicios, buscamos proveerle acceso a su informaci\u00f3n personal. Si esa informaci\u00f3n es incorrecta, procuramos darle maneras de actualizarla r\u00e1pidamente, o eliminarla, mientras no necesitemos esa informaci\u00f3n para negocios leg\u00edtimos o prop\u00f3sitos legales.<\/p>\n<p>Buscamos mantener nuestros servicios de una manera que proteja la informaci\u00f3n de destrucci\u00f3n accidental o maliciosa. Por esto, despu\u00e9s de que usted borre informaci\u00f3n de nuestros servicios, podremos no borrar copias residuales inmediatamente, puede que no eliminemos informaci\u00f3n de nuestro servidor activo, y podremos no remover informaci\u00f3n inmediatamente de nuestros sistemas de respaldo.<\/p>\n<h3>Informaci\u00f3n que compartimos<\/h3>\n<p>No compartimos su informaci\u00f3n personal con compa\u00f1\u00edas, organizaciones o individuos externos a Performia mientras no se de una de las siguientes circunstancias:<\/p>\n<ul>\n<li><span style=\"font-weight: bold;\">Terceros designados por usted:<\/span>\u00a0Podremos compartir su informaci\u00f3n personal con terceros cuando usted haya dado su consentimiento para ello.<\/li>\n<li><span style=\"font-weight: bold;\">Terceros proveedores de servicios (aplicable solo a clientes):<\/span>\u00a0Podremos compartir su informaci\u00f3n personal con terceros proveedores de servicios a Performia International AB, que provean servicios tales como an\u00e1lisis de datos, facturaci\u00f3n, tecnolog\u00edas de informaci\u00f3n e infraestructuras relacionadas, entrega de e-mails y otros servicios similares. Requerimos que nuestros proveedores de servicios usen su informaci\u00f3n solamente para proveer los servicios que les solicitamos.<\/li>\n<\/ul>\n<p style=\"margin-left: 40px;\">Los terceros proveedores de Performia International AB son:<\/p>\n<p style=\"margin-left: 40px;\">&#8211; RAYNET s.r.o., Francouzska 6167\/5, Poruba 70800, Ostrava, Rep\u00fablica Checa<\/p>\n<p style=\"margin-left: 40px;\">&#8211; QUANDA International s.r.o., Podebradska 206\/57, 198 00 Praha 9, Reb\u00fablica Checa<\/p>\n<p style=\"margin-left: 40px;\">&#8211; Sengrid, 1801 California Street, Denver, CO 80202, USA<\/p>\n<p style=\"margin-left: 40px;\">&#8211; SMSAPI &#8211; ComVision sp. z o. o., ul. Toszecka 10,144-100 Gliwice, Polonia<\/p>\n<p style=\"margin-left: 40px;\">&#8211; Equinix Inc. \u2013 Via Francesco Sforza 13, 20080 Basiglio (MI), Italia<\/p>\n<p style=\"margin-left: 40px;\">&#8211; LibertyLine s.r.l. &#8211; Via Macaggi 17, 16121 Genova, Italia<\/p>\n<p style=\"margin-left: 40px;\">&#8211; Fortnox AB, Bollgatan 3B, 352 46 V\u00e4xsj\u00f6, Suecia<\/p>\n<ul>\n<li><span style=\"font-weight: bold;\">Reestructuraci\u00f3n corporativa<\/span>\u00a0&#8211; Podremos compartir informaci\u00f3n personal cuando hagamos un negocio que tenga que ver con la venta o transferencia de todo, o parte de nuestra empresa o nuestros activos. Esto puede incluir cualquier fusi\u00f3n, financiaci\u00f3n, adquisici\u00f3n, o proceso\/transacci\u00f3n de bancarrota.<\/li>\n<li><span style=\"font-weight: bold;\">Administradores<\/span> &#8211; Su cuenta tambi\u00e9n es manejada por nuestro administrador local\/nacional. Esto significa que el administrador y los revendedores que proveen servicio al cliente a su organizaci\u00f3n, o a usted como individuo, tendr\u00e1n acceso a su informaci\u00f3n de cuenta, (incluyendo su correo y otra informaci\u00f3n). Su administrador nacional puede ser capaz de:\n<ul>\n<li>Visualizar estad\u00edsticas concernientes a su cuenta, o su uso de servicios<\/li>\n<li>Entrar a su cuenta para ayudarle a solucionar problemas<\/li>\n<li>Suspender o terminar su acceso a su cuenta or terminate your account access<\/li>\n<li>Acceder a, o retener informaci\u00f3n guardada como parte de su cuenta<\/li>\n<\/ul>\n<\/li>\n<li><span style=\"font-weight: bold;\">Otros casos<\/span>\u00a0&#8211; Podremos compartir informaci\u00f3n personal cuando lo creamos necesario o apropiado a) para cumplir con leyes que apliquen; b) para cumplir con peticiones y procesos legales, incluyendo respuestas a peticiones de autoridades p\u00fablicas y gubernamentales para cumplir requerimentos de seguridad nacional o cumplimiento de la ley; c) para hacer cumplir nuestra pol\u00edtica; d) para proteger nuestros derechos, privacidad, seguridad o propiedad, y\/o la suya o la de otros.<\/li>\n<\/ul>\n<h3>Seguridad de Informaci\u00f3n<\/h3>\n<p>Nos esforzamos para proteger a nuestros usuarios de acceso, alteraci\u00f3n, revelaci\u00f3n o destrucci\u00f3n no autorizada de la informaci\u00f3n que poseemos. Concretamente:<\/p>\n<ul>\n<li>Encriptamos nuestros servicios usando SSL<\/li>\n<li>Restringimos el acceso a la informaci\u00f3n personal a nuestros empleados, clientes y agentes que necesitan conocerla para procesarla, ya sea para nosotros, o para entregar el servicio a usted, y quienes est\u00e1n sujetos a obligaciones de confidencialidad contractual estricta, y pueden ser disciplinados o terminados si no cumplen estas obligaciones.<\/li>\n<\/ul>\n<h3>Informaci\u00f3n An\u00f3nima<\/h3>\n<p>Cuando usamos el t\u00e9rmino &#8220;informaci\u00f3n an\u00f3nima&#8221;, nos referimos a la informaci\u00f3n que no permite que se le identifique, ya sea por s\u00ed misma, o combinada con cualquier otra informaci\u00f3n disponible a terceros.<\/p>\n<p>Podemos crear informaci\u00f3n an\u00f3nima a partir de los datos personales que recibimos sobre usted y otros individuos cuya informaci\u00f3n personal recolectamos. La informaci\u00f3n an\u00f3nima puede incluir informaci\u00f3n anal\u00edtica, e informaci\u00f3n recolectada a trav\u00e9s del uso de cookies. Convertimos los datos personales en informaci\u00f3n an\u00f3nima al exluir informaci\u00f3n, tal como su nombre, direcci\u00f3n de correo electr\u00f3nico, n\u00famero de tel\u00e9fono y fecha de nacimiento, que hacen la informaci\u00f3n identificable personalmente a usted. Usamos la informaci\u00f3n an\u00f3nima para prop\u00f3sitos estad\u00edsticos, y para mejorar nuestro servicio.<\/p>\n<h3>Elecciones y Cambios a la Informaci\u00f3n<\/h3>\n<p><span style=\"font-weight: bold;\">Desuscripci\u00f3n<\/span>\u00a0&#8211; Puede contactarnos en cualquier momento para desuscribirse de nuestra comunicaci\u00f3n promocional, optar por no permitir cualquier nuevo procesamiento de su informaci\u00f3n personal que podamos llevar a cabo m\u00e1s all\u00e1 de su prop\u00f3sito original, o evitar la transferencia de su informaci\u00f3n personal al exterior de su regi\u00f3n. Por favor tenga en cuenta que su uso de parte del sitio web o nuestros servicios puede ser inefectivo despu\u00e9s de esto.<\/p>\n<p><span style=\"font-weight: bold;\">Acceso<\/span>\u00a0&#8211; Puede acceder la informaci\u00f3n que tenemos sobre usted en cualquier momento visualizando su cuenta en<a href=\"https:\/\/ad-analysis.com\" target=\"_blank\" rel=\"noopener\">www.exelect.com<\/a>\u00a0e\u00a0<a href=\"http:\/\/www.tech.interspeedia.com\" target=\"_blank\" rel=\"noopener\">www.tech.interspeedia.com<\/a><\/p>\n<p><span style=\"font-weight: bold;\">Mover<\/span>\u00a0&#8211; Como candidato, su informaci\u00f3n personal es portable \u2013 usted puede descargar su informaci\u00f3n en formato PDF y entregarla a otro proveedor de servicios como desee.<\/p>\n<p><span style=\"font-weight: bold;\">Borrar y olvidar<\/span> &#8211; en ciertas situaciones, por ejemplo cuando la informaci\u00f3n que tenemos de usted ya no es relevante, o es incorrecta, puede solicitar que eliminemos su informaci\u00f3n. De no ser as\u00ed, toda la informaci\u00f3n sobre candidatos en nuestro sistema es eliminada despu\u00e9s de 2 a\u00f1os.<\/p>\n<p>En caso de que olvide sus credenciales, por favor cont\u00e1ctenos directamente a\u00a0<a href=\"mailto:privacy@performia.net\">privacy@performia.net<\/a>\u00a0o a trav\u00e9s de nuestra p\u00e1gina. En su petici\u00f3n por favor deje claro a) qu\u00e9 informaci\u00f3n personal est\u00e1 comprometida, b) nombre de la empresa c) su direcci\u00f3n de correo que us\u00f3 para ingresar y d) cu\u00e1l de sus derechos de arriba le gustar\u00eda hacer cumplir. Para su protecci\u00f3n, es posible que solo llevemos a cabo pedidos con respecto a informaci\u00f3n personal asociada con la direcci\u00f3n de correo electr\u00f3nico en particular utilizada para enviarnos la petici\u00f3n, y puede que necesitemos verificar su identidad antes de implementar su petici\u00f3n. Trataremos de darle soluci\u00f3n a su problema tan pronto como nos sea posible.<\/p>\n<p>Por favor tenga en cuenta que necesitamos mantener cierta informaci\u00f3n para prop\u00f3sitos de registro y\/o para completar cualquier transacci\u00f3n que usted haya comenzado antes de pedir el cambio o eliminaci\u00f3n de su informaci\u00f3n a menos que un mayor periodo sea necesario o permitido por la ley (por ejemplo para prop\u00f3sitos de regulaci\u00f3n).<\/p>\n<p>Cuando recibe correos promocionales de nosotros, puede desuscribirse haciendo clic en el link en la parte de abajo de cualquier correo promocional. No se puede desuscribir de recibir comunicaci\u00f3n administrativa.<\/p>\n<h3>Testimonios de Usuarios y Retroalimentaci\u00f3n<\/h3>\n<p>A menudo recibimos testimonios y comentarios de usuarios que han tenido experiencias positivas con nuestros servicios, y ocasionalmente los publicamos. Obtenemos consentimiento del usuario antes de publicar cualquier testimonio o retroalimentaci\u00f3n p\u00fablicamente.<\/p>\n<h4>Mantenemos su informaci\u00f3n personal privada y segura.<\/h4>\n","protected":false},"excerpt":{"rendered":"<p>Entendemos que la informaci\u00f3n de su empresa y de sus candidatos es muy importante y personal, y tomamos todas las precauciones posibles para asegurarnos de que permanezcan seguras. Esta pol\u00edtica de privacidad describe c\u00f3mo Performia International AB recolecta, usa y comparte la informaci\u00f3n personal de los usuarios de nuestras p\u00e1ginas en www.exelect.com y\u00a0www.tech.interspeedia.com Cuando usas&hellip;<\/p>\n<p><a class=\"btn btn-primary\" href=\"https:\/\/ad-analysis.com\/es_co\/privacy-policy\/\">Continue reading <i class=\"fas fa-arrow-right\"><\/i><\/a><\/p>\n","protected":false},"author":2,"featured_media":0,"parent":0,"menu_order":0,"comment_status":"closed","ping_status":"closed","template":"","meta":{"_acf_changed":false,"footnotes":""},"acf":[],"_links":{"self":[{"href":"https:\/\/ad-analysis.com\/es_co\/wp-json\/wp\/v2\/pages\/1342"}],"collection":[{"href":"https:\/\/ad-analysis.com\/es_co\/wp-json\/wp\/v2\/pages"}],"about":[{"href":"https:\/\/ad-analysis.com\/es_co\/wp-json\/wp\/v2\/types\/page"}],"author":[{"embeddable":true,"href":"https:\/\/ad-analysis.com\/es_co\/wp-json\/wp\/v2\/users\/2"}],"replies":[{"embeddable":true,"href":"https:\/\/ad-analysis.com\/es_co\/wp-json\/wp\/v2\/comments?post=1342"}],"version-history":[{"count":5,"href":"https:\/\/ad-analysis.com\/es_co\/wp-json\/wp\/v2\/pages\/1342\/revisions"}],"predecessor-version":[{"id":1724,"href":"https:\/\/ad-analysis.com\/es_co\/wp-json\/wp\/v2\/pages\/1342\/revisions\/1724"}],"wp:attachment":[{"href":"https:\/\/ad-analysis.com\/es_co\/wp-json\/wp\/v2\/media?parent=1342"}],"curies":[{"name":"wp","href":"https:\/\/api.w.org\/{rel}","templated":true}]}}