{"id":341,"date":"2018-08-29T14:27:11","date_gmt":"2018-08-29T14:27:11","guid":{"rendered":"https:\/\/ad-analysis.com\/wp_exelect\/?page_id=341"},"modified":"2018-11-07T19:26:24","modified_gmt":"2018-11-07T19:26:24","slug":"terms-of-service","status":"publish","type":"page","link":"https:\/\/ad-analysis.com\/mx\/terms-of-service\/","title":{"rendered":"T\u00e9rminos de Servicio"},"content":{"rendered":"<div>\n<p>Si est\u00e1 participando en este Servicio en nombre de una empresa, acepta que est\u00e1 autorizado para representar a la compa\u00f1\u00eda y acepta los t\u00e9rminos y condiciones de este Acuerdo en nombre de una compa\u00f1\u00eda. Una vez aceptado, el siguiente contrato vinculante se configura entre Exelect International y la compa\u00f1\u00eda (cliente) de acuerdo con los t\u00e9rminos y condiciones de este Acuerdo. Acepta no cometer o alentar cualquier violaci\u00f3n del Acuerdo entre Exelect y la compa\u00f1\u00eda.<br \/>\nSi est\u00e1 firmando este Acuerdo en nombre de su empresa, el t\u00e9rmino &#8220;Cliente&#8221; representa a su empresa, incluidos todos sus empleados.<\/p>\n<p>Si est\u00e1 firmando este acuerdo por su cuenta, o si no est\u00e1 autorizado para representar a la compa\u00f1\u00eda, acepta que est\u00e1 personalmente obligado por los t\u00e9rminos detallados en este Acuerdo que el t\u00e9rmino &#8220;Cliente&#8221; se refiere a usted.<\/p>\n<p>Lea atentamente las siguientes condiciones antes de comprometerse con sus t\u00e9rminos firmando a continuaci\u00f3n.<\/p>\n<p><strong>T\u00e9rmino de Acuerdo y Restablecimiento\u00a0<\/strong><br \/>\nExelect International se proporciona en una suscripci\u00f3n mensual o anual determinada por el cliente. Si el cliente participa en la prueba gratuita de 30 d\u00edas de Exelect, este Acuerdo tiene una vigencia de 30 d\u00edas a partir de la fecha de la Autorizaci\u00f3n del Servicio. Si despu\u00e9s de la prueba de 30 d\u00edas, el cliente decide no comprar el sistema Exelect, todos los usos del sistema Exelect cesar\u00e1n inmediatamente, incluida la documentaci\u00f3n.<\/p>\n<p><b>Terminaci\u00f3n del Acuerdo<br \/>\n<\/b><span lang=\"ES\">Tanto Exelect Internacional como el cliente pueden rescindir este Acuerdo mediante notificaci\u00f3n por escrito en cualquier momento.\u00a0<\/span><span style=\"display: inline !important; float: none; background-color: transparent; color: #333333; cursor: text; font-family: Georgia,'Times New Roman','Bitstream Charter',Times,serif; font-size: 16px; font-style: normal; font-variant: normal; font-weight: 400; letter-spacing: normal; orphans: 2; text-align: left; text-decoration: none; text-indent: 0px; text-transform: none; -webkit-text-stroke-width: 0px; white-space: normal; word-spacing: 0px;\">A la terminaci\u00f3n se aplican las siguientes condiciones:<\/span><\/p>\n<\/div>\n<div>\n<ul>\n<li style=\"list-style-type: none;\">\n<ul>\n<li><span lang=\"ES\">El cliente puede recuperar una copia de los datos alojados por Exelect,<\/span><\/li>\n<\/ul>\n<\/li>\n<\/ul>\n<ul>\n<li style=\"list-style-type: none;\">\n<ul>\n<li><span lang=\"ES\">El cliente debe dejar de usar el Software, excluyendo la recuperaci\u00f3n de los datos recopilados anteriormente, y<\/span><\/li>\n<\/ul>\n<\/li>\n<\/ul>\n<ul>\n<li style=\"list-style-type: none;\">\n<ul>\n<li>Exelect International cancelar\u00e1 la cuenta del cliente.<\/li>\n<\/ul>\n<\/li>\n<\/ul>\n<p><strong>Derechos de Administraci\u00f3n de Usuarios de Software<\/strong><br \/>\nA lo largo de la vigencia de este Contrato, Exelect International otorga a este cliente un derecho limitado, no exclusivo e intransferible para acceder y utilizar su producto de software de marca registrada Exelect y la documentaci\u00f3n correspondiente a trav\u00e9s del navegador web para el uso comercial interno del cliente SOLAMENTE. Exelect se pone a disposici\u00f3n del cliente como un servicio seguro y alojado. Exelect aloja y mantiene el control f\u00edsico sobre el Software y hace que el cliente pueda acceder y operar a trav\u00e9s del navegador web de Internet. Exelect no est\u00e1 obligada a proporcionar o poner a disposici\u00f3n del cliente ning\u00fan c\u00f3digo de computadora del Software en ning\u00fan momento. El Cliente no puede arrendar, distribuir, alquilar o revender el software Exelect, ni utilizar el Software como base para crear una soluci\u00f3n competitiva, ni eliminar o modificar ninguno de los logotipos, marcas comerciales, confidencialidad o cualquier otra denotaci\u00f3n que aparezca en el software.<\/p>\n<p>Exelect utiliza el alojamiento virtual KPNQWEST con un firewall de hardware de nivel empresarial para proteger la integridad de los datos alojados en la construcci\u00f3n de un entorno compatible con PCI.<\/p>\n<\/div>\n<div><b>Propuesta de Precios<br \/>\n<\/b><span style=\"display: inline !important; float: none; background-color: transparent; color: #333333; cursor: text; font-family: Georgia,'Times New Roman','Bitstream Charter',Times,serif; font-size: 16px; font-style: normal; font-variant: normal; font-weight: 400; letter-spacing: normal; orphans: 2; text-align: left; text-decoration: none; text-indent: 0px; text-transform: none; -webkit-text-stroke-width: 0px; white-space: normal; word-spacing: 0px;\">El Cliente se adherir\u00e1 a todos los acuerdos de precios reunidos y acordados por el Cliente y Exelect. El cliente seleccionar\u00e1 las cuotas de licencia anuales prepagas o mensuales prepagas apropiadas. El pago se debe realizar por parte del Cliente al recibir la factura de Exelect. Si el pago no se recibe de manera oportuna y apropiada, Exelect se reserva el derecho de desactivar la cuenta del Cliente en cualquier momento hasta que el pago se haya recibido en su totalidad. El pago se puede realizar a trav\u00e9s de una tarjeta de cr\u00e9dito corporativa activa (utilizando un servidor SSL seguro) o mediante transferencia bancaria.<\/span><\/div>\n<div>\n<p><strong>Propiedad Intelectual<\/strong><br \/>\n<span lang=\"ES\">El cliente posee todos los derechos, t\u00edtulos e intereses de todos los datos recopilados a trav\u00e9s de empleados o solicitantes de empleo. Exelect se reserva todos los derechos, t\u00edtulos e intereses en y para:\u00a0<\/span><\/p>\n<ul>\n<li style=\"list-style-type: none;\">\n<ul>\n<li><span lang=\"ES\"><span lang=\"ES\"><span lang=\"ES\">Software, documentaci\u00f3n para el software, as\u00ed como adaptaciones o actualizaciones del Software, independientemente de la fuente de motivaci\u00f3n para la modificaci\u00f3n, independientemente de las aportaciones del Cliente.<\/span><\/span><\/span><\/li>\n<li><span lang=\"ES\">Todos y cada uno de los datos de rendimiento recopilados utilizados para mejorar Exelect para fines comerciales, suponiendo que la informaci\u00f3n utilizada no revele la identidad del Cliente ni ninguna informaci\u00f3n personal o de identidad del candidato que pertenezca al Cliente.<\/span><\/li>\n<\/ul>\n<\/li>\n<\/ul>\n<p><strong>Limitaci\u00f3n de Responsabilidad<br \/>\n<\/strong><span lang=\"ES\">Este acuerdo constituye el acuerdo completo de las partes. Las partes acuerdan que cualquier acci\u00f3n presentada para hacer cumplir este Acuerdo se realizar\u00e1 de conformidad con las leyes del Estado de Suecia.<\/span><\/p>\n<\/div>\n<div><\/div>\n","protected":false},"excerpt":{"rendered":"<p>Si est\u00e1 participando en este Servicio en nombre de una empresa, acepta que est\u00e1 autorizado para representar a la compa\u00f1\u00eda y acepta los t\u00e9rminos y condiciones de este Acuerdo en nombre de una compa\u00f1\u00eda. Una vez aceptado, el siguiente contrato vinculante se configura entre Exelect International y la compa\u00f1\u00eda (cliente) de acuerdo con los t\u00e9rminos&hellip;<\/p>\n<p><a class=\"btn btn-primary\" href=\"https:\/\/ad-analysis.com\/mx\/terms-of-service\/\">Continue reading <i class=\"fas fa-arrow-right\"><\/i><\/a><\/p>\n","protected":false},"author":2,"featured_media":0,"parent":0,"menu_order":0,"comment_status":"closed","ping_status":"closed","template":"","meta":{"_acf_changed":false,"footnotes":""},"acf":[],"_links":{"self":[{"href":"https:\/\/ad-analysis.com\/mx\/wp-json\/wp\/v2\/pages\/341"}],"collection":[{"href":"https:\/\/ad-analysis.com\/mx\/wp-json\/wp\/v2\/pages"}],"about":[{"href":"https:\/\/ad-analysis.com\/mx\/wp-json\/wp\/v2\/types\/page"}],"author":[{"embeddable":true,"href":"https:\/\/ad-analysis.com\/mx\/wp-json\/wp\/v2\/users\/2"}],"replies":[{"embeddable":true,"href":"https:\/\/ad-analysis.com\/mx\/wp-json\/wp\/v2\/comments?post=341"}],"version-history":[{"count":10,"href":"https:\/\/ad-analysis.com\/mx\/wp-json\/wp\/v2\/pages\/341\/revisions"}],"predecessor-version":[{"id":1726,"href":"https:\/\/ad-analysis.com\/mx\/wp-json\/wp\/v2\/pages\/341\/revisions\/1726"}],"wp:attachment":[{"href":"https:\/\/ad-analysis.com\/mx\/wp-json\/wp\/v2\/media?parent=341"}],"curies":[{"name":"wp","href":"https:\/\/api.w.org\/{rel}","templated":true}]}}