{"id":357,"date":"2018-08-08T20:52:04","date_gmt":"2018-08-08T20:52:04","guid":{"rendered":"https:\/\/ad-analysis.com\/wp_exelect\/?page_id=357"},"modified":"2018-10-19T19:02:00","modified_gmt":"2018-10-19T19:02:00","slug":"privacy-policy","status":"publish","type":"page","link":"https:\/\/ad-analysis.com\/mx\/privacy-policy\/","title":{"rendered":"Pol\u00edtica de Privacidad"},"content":{"rendered":"<p><span lang=\"ES\">Entendemos que los datos de su empresa y los datos de su solicitante son muy personales y tomamos todas las precauciones para garantizar su seguridad. <span title=\"This privacy policy (\u201cPolicy\u201d) describes how Performia International AB collects, uses and shares personal information of users of our websites located at \">Esta pol\u00edtica de privacidad (&#8220;Pol\u00edtica&#8221;) describe c\u00f3mo Performia International AB recopila, utiliza y comparte informaci\u00f3n personal de los usuarios de nuestros sitios web ubicados en<\/span><\/span><\/p>\n<p><a href=\"https:\/\/ad-analysis.com\" target=\"_blank\" rel=\"noopener\">www.exelect.com<\/a> y <a href=\"https:\/\/www.tech.interspeedia\" target=\"_blank\" rel=\"noopener\">www.tech.interspeedia.com<\/a><\/p>\n<p><span lang=\"ES\">Al utilizar nuestros servicios, queremos que tenga claro c\u00f3mo utilizamos la informaci\u00f3n y las formas en que puede proteger su privacidad.\u00a0<\/span><\/p>\n<p>Nuestra pol\u00edtica explica:<\/p>\n<ul>\n<li>Qu\u00e9 informaci\u00f3n recopilamos y porqu\u00e9 la recopilamos<\/li>\n<li>C\u00f3mo usamos esa informaci\u00f3n<\/li>\n<li>Las opciones que ofrecemos, incluido c\u00f3mo acceder y actualizar informaci\u00f3n.<\/li>\n<\/ul>\n<p><span lang=\"ES\">Hemos tratado de mantener esto lo m\u00e1s simple posible, sin embargo, si no est\u00e1 familiarizado con t\u00e9rminos como cookies, direcci\u00f3n IP y navegador, las definiciones y los ejemplos se pueden encontrar en l\u00ednea en Google y le recomendamos que lea primero sobre estos t\u00e9rminos clave. <\/span><span title=\"Your privacy matters to us so whether you are a new or long time user or candidate, please do take the time to get know our practices and if you have any questions, please contact us at privacy@performia.net.\">Su privacidad nos importa, ya sea que sea un usuario o candidato nuevo o de mucho tiempo, t\u00f3mese el tiempo para conocer nuestras pr\u00e1cticas y si tiene alguna pregunta, cont\u00e1ctenos a <\/span><a href=\"mailto:privacy@performia.net\">privacy@performia.net.<\/a><\/p>\n<h3>Informaci\u00f3n Importante<\/h3>\n<p><strong>Qui\u00e9nes somos<\/strong> &#8211; a los fines de la legislaci\u00f3n de protecci\u00f3n de datos en la UE (GDPR), el controlador de datos de su informaci\u00f3n personal es Performia International AB, Bergviksgatan 27, Sodertalje 15250, Suecia, UE. Nuestros servicios son proporcionados directamente por Performia International AB o por nuestras subsidiarias y afiliadas de Performia International AB que son entidades legales independientes.<\/p>\n<p><span lang=\"ES\">Cada sitio web individual, nacional, regional o espec\u00edfico de la pr\u00e1ctica dentro de performia.com es proporcionado por una entidad individual dentro de la Red Performia.<\/span><\/p>\n<p><span lang=\"ES\"><strong>Cambios en esta pol\u00edtica<\/strong> &#8211; publicaremos cualquier modificaci\u00f3n o cambio en la pol\u00edtica en nuestro sitio. Nos reservamos el derecho de modificar la Pol\u00edtica en cualquier momento, por lo que le recomendamos que la lea con frecuencia.<\/span><\/p>\n<h3>Lo que recopilamos<\/h3>\n<p><span lang=\"ES\">Hay una variedad de informaci\u00f3n que recopilamos sobre usted para que pueda utilizar nuestros servicios. <\/span><span title=\"This information may include: \">Esta informaci\u00f3n puede incluir:<\/span><\/p>\n<ul>\n<li><strong>Informaci\u00f3n que nos da<\/strong><br \/>\n<span lang=\"ES\">Cuando es nuestro cliente &#8211; recopilamos su direcci\u00f3n de correo electr\u00f3nico, nombre y apellidos, direcci\u00f3n de su compa\u00f1\u00eda, nombre de la compa\u00f1\u00eda, n\u00famero de tel\u00e9fono, n\u00famero de fax, si corresponde, y datos de la compa\u00f1\u00eda requeridos para las transacciones financieras. Cuando sea candidato &#8211; recopilamos su direcci\u00f3n de correo electr\u00f3nico <\/span><span title=\", Name and Surname, Address, CV, Date of birth if applicable, Photo if applicable,IP address and the interviews and tests you filled in. \">, Nombre y apellidos, direcci\u00f3n, CV, fecha de nacimiento, si corresponde, foto, direcci\u00f3n IP y las entrevistas y pruebas que complet\u00f3.<\/span><\/li>\n<li><strong>Informaci\u00f3n del dispositivo<\/strong> &#8211; <span lang=\"ES\">al informar el problema con su acceso a nuestro sistema en el informe, recopilamos informaci\u00f3n espec\u00edfica del dispositivo, como el sistema operativo, si usa una computadora o un tel\u00e9fono inteligente, la direcci\u00f3n IP del dispositivo, el navegador y la resoluci\u00f3n de la pantalla. <\/span><span title=\"These data help us to identify the problem and solve it faster. \">Estos datos nos ayudan a identificar el problema y resolverlo m\u00e1s r\u00e1pido.<\/span><\/li>\n<li><strong>Informaci\u00f3n de registro<\/strong> &#8211; <span lang=\"ES\">cuando utiliza nuestros servicios o ve contenido proporcionado por Performia International AB, autom\u00e1ticamente recopilamos y almacenamos cierta informaci\u00f3n en los registros del servidor. <\/span><span title=\"This includes: \">Esto incluye:<\/span>\n<ul>\n<li>Detalles de c\u00f3mo utiliza nuestros servicios<\/li>\n<li>Direcci\u00f3n IP<\/li>\n<li>Cookies que pueden identificar de forma \u00fanica su navegador<\/li>\n<li>Ubicaci\u00f3n del usuario<\/li>\n<\/ul>\n<\/li>\n<\/ul>\n<ul>\n<li><strong>Cookies y tecnolog\u00edas similares<\/strong> &#8211; Utilizamos diversas tecnolog\u00edas para recopilar y almacenar informaci\u00f3n cuando visita el sitio web de Interspeedia y esto puede incluir el uso de cookies y tecnolog\u00edas similares para identificar su navegador o dispositivo. Tambi\u00e9n utilizamos estas tecnolog\u00edas para recopilar y almacenar informaci\u00f3n cuando interact\u00faa con los servicios que ofrecemos. Tambi\u00e9n utilizamos Google Analytics, que nos ayuda a analizar el tr\u00e1fico a nuestros sitios web y tambi\u00e9n usamos cookies con fines estad\u00edsticos: recopilamos los datos sobre c\u00f3mo los visitantes usan el sitio web.<\/li>\n<\/ul>\n<h3>Qu\u00e9 hacemos con esta informaci\u00f3n<\/h3>\n<p>Usamos la informaci\u00f3n que recopilamos de las siguientes maneras:<\/p>\n<ul>\n<li>Operar, mantener y mejorar nuestros servicios.<\/li>\n<li>Para crear su cuenta, identif\u00edquese como usuario \/ candidato<\/li>\n<li>Para enviarle comunicaciones promocionales: esto puede incluir ofertas de correos electr\u00f3nicos, notificaciones del sistema, encuestas u otros boletines. Puede optar por no recibir correos electr\u00f3nicos de marketing en cualquier momento: los correos electr\u00f3nicos de marketing le indicar\u00e1n c\u00f3mo &#8220;optar por no recibirlos&#8221;.<\/li>\n<li>Para enviarle comunicaci\u00f3n administrativa. Estos pueden incluir correos electr\u00f3nicos administrativos, confirmaciones, avisos t\u00e9cnicos, actualizaciones y alertas de seguridad.<\/li>\n<li>Para responder a sus comentarios y preguntas y brindarle apoyo al usuario.<\/li>\n<li>Para proteger, investigar y disuadir contra actividades fraudulentas, no autorizadas o ilegales.<\/li>\n<\/ul>\n<h3>Transparencia y Elecci\u00f3n<\/h3>\n<p>Las personas tienen diferentes preocupaciones de privacidad. Nuestro objetivo es dejar en claro qu\u00e9 informaci\u00f3n recopilamos para que usted pueda elegir c\u00f3mo usarla:<\/p>\n<p>Puede revisar, actualizar o eliminar sus datos simplemente iniciando sesi\u00f3n con sus datos de inicio de sesi\u00f3n en nuestro sistema.<\/p>\n<p>Puede eliminar las cookies en su navegador o bloquearlas. Sin embargo, es importante recordar que nuestros servicios proporcionados en nuestros sitios web pueden no funcionar correctamente si las cookies est\u00e1n deshabilitadas.<\/p>\n<h3>Acceso y Actualizaci\u00f3n de su Informaci\u00f3n Personal<\/h3>\n<p>Cuando utilice nuestros servicios, nuestro objetivo es proporcionarle el acceso a su informaci\u00f3n personal. Si esa informaci\u00f3n es incorrecta, nos esforzamos por brindarle formas de actualizarla r\u00e1pidamente o eliminarla &#8211; a menos que tengamos que mantener esa informaci\u00f3n para fines comerciales o legales leg\u00edtimos.<\/p>\n<p>Nuestro objetivo es mantener nuestros servicios de una manera que proteja la informaci\u00f3n contra la destrucci\u00f3n accidental o maliciosa. Debido a esto, despu\u00e9s de eliminar la informaci\u00f3n de nuestros servicios, es posible que no eliminemos de inmediato las copias residuales y que no podamos eliminar la informaci\u00f3n de nuestro servidor activo y no podamos eliminar la informaci\u00f3n de inmediato de nuestros sistemas de copia de seguridad.<\/p>\n<h3>Informaci\u00f3n que compartimos<\/h3>\n<p>No compartimos su informaci\u00f3n personal con compa\u00f1\u00edas, organizaciones, individuos fuera de Performia a menos que se aplique una de las siguientes circunstancias:<\/p>\n<ul>\n<li><strong>Tercero designado por usted:<\/strong> Es posible que compartamos su informaci\u00f3n personal con terceros en los que haya proporcionado su consentimiento para hacerlo.<\/li>\n<li><strong>Nuestro proveedor de servicios de terceros (aplicable solo para clientes):<\/strong> podemos compartir su informaci\u00f3n personal con nuestros proveedores de servicios de terceros que brindan servicios tales como an\u00e1lisis de datos, facturaci\u00f3n, tecnolog\u00eda de la informaci\u00f3n e infraestructura relacionada, entrega de correo electr\u00f3nico y otros servicios similares . Requerimos que nuestros proveedores de servicios externos utilicen su informaci\u00f3n personal solo para proporcionar los servicios que hemos solicitado.<\/li>\n<\/ul>\n<p>Nuestros proveedores externos son:<\/p>\n<p>&#8211; RAYNET s.r.o., Francouzska 6167\/5, Poruba 70800, Ostrava, Czech Republic<\/p>\n<p>&#8211; QUANDA International s.r.o., Podebradska 206\/57, 198 00 Praha 9, Czech Republic<\/p>\n<p>&#8211; Sengrid, 1801 California Street, Denver, CO 80202, USA<\/p>\n<p>&#8211; SMSAPI &#8211; ComVision sp. z o. o., ul. Toszecka 10,144-100 Gliwice, Poland<\/p>\n<p>&#8211; Equinix Inc. \u2013 Via Francesco Sforza 13, 20080 Basiglio (MI), Italy<\/p>\n<p>&#8211; LibertyLine s.r.l. &#8211; Via Macaggi 17, 16121 Genova, Italia<\/p>\n<p>&#8211; Fortnox AB, Bollgatan 3B, 352 46 V\u00e4xsj\u00f6, Sweden<\/p>\n<ul>\n<li><strong>Reestructuraci\u00f3n Corporativa<\/strong> &#8211; Es posible que compartamos informaci\u00f3n personal cuando hagamos un trato comercial o que negociemos un acuerdo comercial que implique la venta o transferencia de todo o parte de nuestro negocio o activos. <span title=\"These details can include any merger, financing, acquisition, or bankruptcy transaction or proceeding. \">Estos detalles pueden incluir cualquier transacci\u00f3n o proceso de fusi\u00f3n, financiamiento, adquisici\u00f3n o quiebra.<\/span><\/li>\n<li><strong>Administradores &#8211;<\/strong> Su cuenta tambi\u00e9n es administrada por nuestro administrador local \/ nacional o global. Eso significa que el administrador y los revendedores que brindan asistencia al usuario a su organizaci\u00f3n o a usted como individuo tendr\u00e1n acceso a la informaci\u00f3n de su cuenta (incluido su correo electr\u00f3nico y otros datos). El administrador de su pa\u00eds puede:\n<ul>\n<li>Ver estad\u00edsticas sobre su cuenta &#8211; uso de los servicios<\/li>\n<li>Iniciar sesi\u00f3n en su cuenta para ayudarle a resolver su problema<\/li>\n<li>Suspender o cancelar su acceso a la cuenta<\/li>\n<li>Acceder o retener informaci\u00f3n almacenada como parte de su cuenta.<\/li>\n<\/ul>\n<\/li>\n<li><strong>Otras Divulgaciones<\/strong> &#8211; Podemos compartir informaci\u00f3n personal seg\u00fan creamos necesario o apropiado a) para cumplir con las leyes aplicables; b) para cumplir con la solicitud legal y el proceso legal, incluso para responder a las solicitudes de las autoridades p\u00fablicas y gubernamentales para cumplir con los requisitos de seguridad nacional o de cumplimiento de la ley; c) hacer cumplir nuestra Pol\u00edtica; y d) para proteger nuestros derechos, privacidad, seguridad o propiedad, y \/ o los de usted u otros.<\/li>\n<\/ul>\n<h3>Seguridad de Informaci\u00f3n<\/h3>\n<p>Trabajamos arduamente para proteger a nuestros usuarios del acceso no autorizado o la alteraci\u00f3n, divulgaci\u00f3n o destrucci\u00f3n no autorizadas de la informaci\u00f3n que tenemos. <span title=\"In particular: \">En particular:<\/span><\/p>\n<ul>\n<li>Encriptamos nuestros servicios utilizando SSL.<\/li>\n<li>Restringimos el acceso a la informaci\u00f3n personal a nuestros empleados, contratistas y agentes que necesitan conocer esa informaci\u00f3n para procesarla y \/ o brindarle el servicio, y que est\u00e1n sujetos a estrictas obligaciones de confidencialidad contractual y pueden ser disciplinados. o terminados si no cumplen con estas obligaciones.<\/li>\n<\/ul>\n<h3>Datos An\u00f3nimos<\/h3>\n<p>Cuando utilizamos el t\u00e9rmino &#8220;datos an\u00f3nimos&#8221;, nos referimos a datos e informaci\u00f3n que no le permiten ser identificado o identificable, ya sea solo o cuando se combina con cualquier otra informaci\u00f3n disponible para un tercero.<\/p>\n<p>Podemos crear datos an\u00f3nimos a partir de los datos personales que recibimos sobre usted y otras personas cuyos datos personales recopilamos. Los datos an\u00f3nimos pueden incluir informaci\u00f3n anal\u00edtica e informaci\u00f3n recopilada por nosotros mediante cookies. Hacemos que los datos personales se conviertan en datos an\u00f3nimos excluyendo informaci\u00f3n, como su nombre, direcci\u00f3n de correo electr\u00f3nico, n\u00famero de tel\u00e9fono, datos de nacimiento que hacen que los datos sean personalmente identificables para usted. Utilizamos los datos an\u00f3nimos con fines estad\u00edsticos y para mejorar nuestro servicio.<\/p>\n<h3>Opciones y Cambio de Informaci\u00f3n<\/h3>\n<p><strong>Opt-out &#8211;<\/strong>\u00a0 Puede contactarnos en cualquier momento para optar por no recibir a) una comunicaci\u00f3n promocional, b) cualquier nuevo procesamiento de su informaci\u00f3n personal que podamos realizar m\u00e1s all\u00e1 del prop\u00f3sito original, o c) la transferencia de su informaci\u00f3n personal fuera de la UE. <span title=\"Please note that your use of some of the site or services may be ineffective upon opt-out. \">Tenga en cuenta que su uso de algunos de los sitios o servicios puede ser ineficaz despu\u00e9s de la exclusi\u00f3n.<\/span><\/p>\n<p><strong>Acceso &#8211;<\/strong> Puede acceder a la informaci\u00f3n que tenemos sobre usted en cualquier momento visitando su cuenta en <a href=\"https:\/\/ad-analysis.com\" target=\"_blank\" rel=\"noopener\">www.exelect.com<\/a> y <a href=\"https:\/\/www.tech.interspeedia\" target=\"_blank\" rel=\"noopener\">www.tech.interspeedia.com<\/a><\/p>\n<p><strong>Mover&lt;<\/strong> &#8211; Como candidato, su informaci\u00f3n personal es port\u00e1til: tiene la posibilidad de descargar sus datos en PDF y trasladarlos a otro proveedor de servicios como desee.<\/p>\n<p><strong>Borrar y Olvidar<\/strong> &#8211; en ciertas situaciones, por ejemplo, cuando la informaci\u00f3n que tenemos sobre usted ya no es relevante o es incorrecta, puede solicitar que eliminemos sus datos. <span title=\"Otherwise all the data about candidates are automatically deleted after 2 years. \">De lo contrario, todos los datos sobre los candidatos se eliminan autom\u00e1ticamente despu\u00e9s de 2 a\u00f1os.<\/span><\/p>\n<p>En caso de que haya olvidado su acceso, cont\u00e1ctenos directamente en <a href=\"mailto:privacy@performia.net\">privacy@performia.net.\u00a0<\/a> o a trav\u00e9s de nuestro sitio web. En su solicitud, indique claramente a) qu\u00e9 informaci\u00f3n personal se refiere, b) nombre de la empresa c) la direcci\u00f3n de correo electr\u00f3nico que utiliz\u00f3 para iniciar sesi\u00f3n y d) cu\u00e1l de los derechos anteriores desea hacer cumplir. Para su protecci\u00f3n, solo podemos implementar solicitudes con respecto a la informaci\u00f3n personal asociada con la direcci\u00f3n de correo electr\u00f3nico particular que utiliza para enviarnos su solicitud, y es posible que tengamos que verificar su identidad antes de implementar su solicitud. Intentaremos cumplir con su solicitud tan pronto como sea razonablemente posible.<\/p>\n<p>Tenga en cuenta que debemos conservar cierta informaci\u00f3n para fines de mantenimiento de registros y \/ o para completar cualquier transacci\u00f3n que haya iniciado antes de solicitar el cambio o la eliminaci\u00f3n, a menos que la ley exija o permita un per\u00edodo de retenci\u00f3n m\u00e1s prolongado (por ejemplo, con fines reglamentarios).<\/p>\n<p>Cuando reciba correos electr\u00f3nicos promocionales de nuestra parte, tambi\u00e9n puede darse de baja o cancelar su suscripci\u00f3n haciendo clic en el enlace que se encuentra en la parte inferior de cualquier correo electr\u00f3nico promocional. No puede optar por no recibir comunicaci\u00f3n administrativa.<\/p>\n<h3>Testimonios de Usuarios y Comentarios<\/h3>\n<p>A menudo recibimos testimonios y comentarios de usuarios que han tenido experiencias positivas con nuestros servicios, y ocasionalmente los publicamos. Obtenemos el consentimiento del usuario antes de publicar cualquier comentario en un \u00e1rea p\u00fablica de los sitios.<\/p>\n<p><strong>Mantenemos su informaci\u00f3n personal privada y segura.<\/strong><\/p>\n","protected":false},"excerpt":{"rendered":"<p>Entendemos que los datos de su empresa y los datos de su solicitante son muy personales y tomamos todas las precauciones para garantizar su seguridad. Esta pol\u00edtica de privacidad (&#8220;Pol\u00edtica&#8221;) describe c\u00f3mo Performia International AB recopila, utiliza y comparte informaci\u00f3n personal de los usuarios de nuestros sitios web ubicados en www.exelect.com y www.tech.interspeedia.com Al utilizar&hellip;<\/p>\n<p><a class=\"btn btn-primary\" href=\"https:\/\/ad-analysis.com\/mx\/privacy-policy\/\">Continue reading <i class=\"fas fa-arrow-right\"><\/i><\/a><\/p>\n","protected":false},"author":2,"featured_media":0,"parent":0,"menu_order":0,"comment_status":"closed","ping_status":"closed","template":"","meta":{"_acf_changed":false,"footnotes":""},"acf":[],"_links":{"self":[{"href":"https:\/\/ad-analysis.com\/mx\/wp-json\/wp\/v2\/pages\/357"}],"collection":[{"href":"https:\/\/ad-analysis.com\/mx\/wp-json\/wp\/v2\/pages"}],"about":[{"href":"https:\/\/ad-analysis.com\/mx\/wp-json\/wp\/v2\/types\/page"}],"author":[{"embeddable":true,"href":"https:\/\/ad-analysis.com\/mx\/wp-json\/wp\/v2\/users\/2"}],"replies":[{"embeddable":true,"href":"https:\/\/ad-analysis.com\/mx\/wp-json\/wp\/v2\/comments?post=357"}],"version-history":[{"count":6,"href":"https:\/\/ad-analysis.com\/mx\/wp-json\/wp\/v2\/pages\/357\/revisions"}],"predecessor-version":[{"id":1677,"href":"https:\/\/ad-analysis.com\/mx\/wp-json\/wp\/v2\/pages\/357\/revisions\/1677"}],"wp:attachment":[{"href":"https:\/\/ad-analysis.com\/mx\/wp-json\/wp\/v2\/media?parent=357"}],"curies":[{"name":"wp","href":"https:\/\/api.w.org\/{rel}","templated":true}]}}