{"id":347,"date":"2018-08-29T14:27:11","date_gmt":"2018-08-29T14:27:11","guid":{"rendered":"https:\/\/ad-analysis.com\/wp_exelect\/?page_id=347"},"modified":"2018-10-26T12:13:22","modified_gmt":"2018-10-26T12:13:22","slug":"terms-of-service","status":"publish","type":"page","link":"https:\/\/ad-analysis.com\/sw\/terms-of-service\/","title":{"rendered":"Anv\u00e4ndarvillkor"},"content":{"rendered":"<div>\n<p><span style=\"font-family: Times New Roman, serif;\"><span lang=\"sv-SE\">Om du anv\u00e4nder denna tj\u00e4nst p\u00e5 uppdrag av ett f\u00f6retag medger du att du har beh\u00f6righet att f\u00f6retr\u00e4da f\u00f6retaget och accepterar villkoren i detta avtal p\u00e5 uppdrag av ett f\u00f6retag. Vid medgivande \u00e4r f\u00f6ljande bindande avtal uppr\u00e4ttat mellan Exelect International och f\u00f6retaget (kunden) i enlighet med villkoren i detta avtal. Du samtycker till att inte beg\u00e5 eller uppmuntra till eventuella brott mot avtalet mellan Exelect och f\u00f6retaget.<\/span><\/span><\/p>\n<p><span style=\"font-family: Times New Roman, serif;\"><span lang=\"sv-SE\"><br \/>\nOm du ing\u00e5r detta avtal p\u00e5 uppdrag av ditt f\u00f6retag representerar termen &#8220;Kund&#8221; ditt f\u00f6retag inklusive alla dess anst\u00e4llda.<\/span><\/span><\/p>\n<p><span style=\"font-family: Times New Roman, serif;\"><span lang=\"sv-SE\"><br \/>\nOm du ing\u00e5r detta avtal f\u00f6r egen r\u00e4kning eller om du inte \u00e4r beh\u00f6rig att f\u00f6retr\u00e4da f\u00f6retaget, medger du att du personligen \u00e4r bunden till villkoren i detta avtal och termen &#8220;Kund&#8221; avser dig.<\/span><\/span><\/p>\n<p><span style=\"font-family: Times New Roman, serif;\"><span lang=\"sv-SE\"><br \/>\nV\u00e4nligen l\u00e4s igenom f\u00f6ljande villkor noggrant innan du l\u00e4mnar ditt medgivande genom att signera nedan.<br \/>\n<\/span><\/span><\/p>\n<p><span style=\"font-family: Times New Roman, serif;\"><span lang=\"sv-SE\"><b>Avtalsperiod och \u00e5terst\u00e4llande.<\/b><\/span><span lang=\"sv-SE\"><br \/>\nExelect International tillhandah\u00e5lls i m\u00e5natlig eller \u00e5rlig prenumeration som best\u00e4ms av kunden. Om kunden deltar i en gratis 30-dagars prova p\u00e5-period, varar detta avtal 30 dagar fr\u00e5n startdatum. Om kunden efter denna 30-dagars period v\u00e4ljer att inte k\u00f6pa Exelectsystemet upph\u00f6r alla anv\u00e4ndningsomr\u00e5den av Exelectsystemet omedelbart inklusive dokumentation.<br \/>\n<\/span><\/span><\/p>\n<p><span style=\"font-family: Times New Roman, serif;\"><span lang=\"sv-SE\"><b>Upps\u00e4gning av avtalet<\/b><\/span><span lang=\"sv-SE\"><br \/>\nAntingen Exelect International eller kunden kan s\u00e4ga upp detta avtal via skriftligt meddelande n\u00e4r som helst.<\/span><\/span><\/p>\n<p><span style=\"font-family: Times New Roman, serif;\"><span lang=\"sv-SE\"><br \/>\nVid upps\u00e4gning g\u00e4ller f\u00f6ljande villkor:<\/span><\/span><\/p>\n<ul>\n<li>\n<p lang=\"sv-SE\"><span style=\"font-family: Times New Roman, serif;\">Kunden kan erh\u00e5lla en kopia av informationen som registrerats av Exelect<\/span><\/p>\n<\/li>\n<li>\n<p lang=\"sv-SE\"><span style=\"font-family: Times New Roman, serif;\">Kunden m\u00e5ste upph\u00f6ra med all anv\u00e4ndning av programvaran, med undantag f\u00f6r inh\u00e4mtning av tidigare samlade uppgifter, och<\/span><\/p>\n<\/li>\n<li>\n<p lang=\"sv-SE\"><span style=\"font-family: Times New Roman, serif;\">Exelect International kommer att avsluta kundens konto.<\/span><\/p>\n<\/li>\n<\/ul>\n<p><span style=\"font-family: Times New Roman, serif;\"><span lang=\"sv-SE\"><\/p>\n<p><\/span><span lang=\"sv-SE\"><b>R\u00e4ttigheter f\u00f6r anv\u00e4ndare av programvara<\/b><\/span><span lang=\"sv-SE\"><br \/>\nUnder hela avtalets l\u00f6ptid ger Exelect International denna kund en begr\u00e4nsad, icke-exklusiv och icke-\u00f6verl\u00e5tbar r\u00e4tt att f\u00e5 tillg\u00e5ng till och att anv\u00e4nda sitt varum\u00e4rke via Exelects tillhandah\u00e5llna programvaror och motsvarande dokumentation via webbl\u00e4sare ENDAST f\u00f6r kundens interna anv\u00e4ndning. Exelect g\u00f6rs tillg\u00e4nglig f\u00f6r kunden som en s\u00e4ker, tillhandah\u00e5llen service. Exelect \u00e4r v\u00e4rd f\u00f6r och uppr\u00e4tth\u00e5ller fysisk kontroll \u00f6ver programvaran och g\u00f6r den tillg\u00e4nglig och funktionsduglig f\u00f6r kunden via Internet-webbl\u00e4sare. Exelect \u00e4r inte vid n\u00e5got tillf\u00e4lle skyldig att tillhandah\u00e5lla eller tillg\u00e4ngligg\u00f6ra n\u00e5gon programvarukod till kunden. Kunden f\u00e5r inte leasa, distribuera, hyra eller vidares\u00e4lja Exelects programvara eller anv\u00e4nda programvaran som grund f\u00f6r att skapa en konkurrenskraftig l\u00f6sning, eller ta bort eller modifiera n\u00e5gon av logotyperna, varum\u00e4rke, konfidentialiteten eller andra beteckningar som visas i programvaran.<\/span><\/span><\/p>\n<p><span style=\"font-family: Times New Roman, serif;\"><span lang=\"sv-SE\"><br \/>\nExelect anv\u00e4nder KPNQWEST virtuella v\u00e4rdskap med en f\u00f6retagsklassad brandv\u00e4ggsh\u00e5rdvara f\u00f6r att integritetsskydda informationen genom att bygga en PCI-kompatibel milj\u00f6.<\/span><\/span><\/p>\n<p><span style=\"font-family: Times New Roman, serif;\"><span lang=\"sv-SE\"><br \/>\n<\/span><span lang=\"sv-SE\"><b>Priss\u00e4ttningserbjudande<\/b><\/span><span lang=\"sv-SE\"><br \/>\nKunden kommer att f\u00f6lja alla priss\u00e4ttningar som sammanst\u00e4llts och \u00f6verenskommits mellan kunden och Exelect. Kunden v\u00e4ljer l\u00e4mpliga f\u00f6rbetalda \u00e5rliga eller f\u00f6rbetalda m\u00e5natliga licensavgifter. Betalning sker fr\u00e5n kunden efter mottagande av faktura fr\u00e5n Exelect. Om betalning inte mottas i tid och p\u00e5 ett l\u00e4mpligt s\u00e4tt, f\u00f6rbeh\u00e5ller Exelect sig r\u00e4tten att n\u00e4r som helst avaktivera kundens konto tills betalningen har mottagits i sin helhet. Betalning kan ske via aktivt f\u00f6retags kreditkort (med en s\u00e4ker SSL-server) eller via bank\u00f6verf\u00f6ring.<br \/>\n<\/span><\/span><\/p>\n<p><span style=\"font-family: Times New Roman, serif;\"><span lang=\"sv-SE\"><b>Immateriell \u00e4gander\u00e4tt<\/b><\/span><span lang=\"sv-SE\"><br \/>\nKunden \u00e4ger alla r\u00e4ttigheter och intresse i all information som samlats in via anst\u00e4llda eller arbetss\u00f6kande. Exelect beh\u00e5ller alla r\u00e4ttigheter och intresse i f\u00f6ljande:<br \/>\n<\/span><\/span><\/p>\n<ul>\n<li>\n<p lang=\"sv-SE\"><span style=\"font-family: Times New Roman, serif;\">Programvara, dokumentation f\u00f6r programvaran samt eventuella anpassningar eller programvaruuppgraderingar, oavsett anledning till modifiering och oavsett vad kunden har matat in.<br \/>\n<\/span><\/p>\n<\/li>\n<li>\n<p lang=\"sv-SE\"><span style=\"font-family: Times New Roman, serif;\">Samtlig prestandainformation som samlats in och som anv\u00e4nts f\u00f6r att f\u00f6rb\u00e4ttra Exelect f\u00f6r aff\u00e4rs\u00e4ndam\u00e5l, f\u00f6rutsatt att den information som anv\u00e4nds inte avsl\u00f6jar kundens identitet eller n\u00e5gon personlig identitet eller arbetss\u00f6kandes information som tillh\u00f6r kunden.<br \/>\n<\/span><\/p>\n<\/li>\n<\/ul>\n<p><span style=\"font-family: Times New Roman, serif;\"><b>Ansvarsbegr\u00e4nsning<\/b><\/span><\/p>\n<p lang=\"sv-SE\"><span style=\"font-family: Times New Roman, serif;\">Detta avtal utg\u00f6r parternas hela \u00f6verenskommelse. Parterna \u00e4r \u00f6verens om alla \u00e5tg\u00e4rder som vidtagits f\u00f6r att verkst\u00e4lla detta avtal kommer att vara i enlighet med Sveriges rikes lag.<\/span><\/p>\n<\/div>\n","protected":false},"excerpt":{"rendered":"<p>Om du anv\u00e4nder denna tj\u00e4nst p\u00e5 uppdrag av ett f\u00f6retag medger du att du har beh\u00f6righet att f\u00f6retr\u00e4da f\u00f6retaget och accepterar villkoren i detta avtal p\u00e5 uppdrag av ett f\u00f6retag. Vid medgivande \u00e4r f\u00f6ljande bindande avtal uppr\u00e4ttat mellan Exelect International och f\u00f6retaget (kunden) i enlighet med villkoren i detta avtal. Du samtycker till att inte&hellip;<\/p>\n<p><a class=\"btn btn-primary\" href=\"https:\/\/ad-analysis.com\/sw\/terms-of-service\/\">Continue reading <i class=\"fas fa-arrow-right\"><\/i><\/a><\/p>\n","protected":false},"author":2,"featured_media":0,"parent":0,"menu_order":0,"comment_status":"closed","ping_status":"closed","template":"","meta":{"_acf_changed":false,"footnotes":""},"acf":[],"_links":{"self":[{"href":"https:\/\/ad-analysis.com\/sw\/wp-json\/wp\/v2\/pages\/347"}],"collection":[{"href":"https:\/\/ad-analysis.com\/sw\/wp-json\/wp\/v2\/pages"}],"about":[{"href":"https:\/\/ad-analysis.com\/sw\/wp-json\/wp\/v2\/types\/page"}],"author":[{"embeddable":true,"href":"https:\/\/ad-analysis.com\/sw\/wp-json\/wp\/v2\/users\/2"}],"replies":[{"embeddable":true,"href":"https:\/\/ad-analysis.com\/sw\/wp-json\/wp\/v2\/comments?post=347"}],"version-history":[{"count":6,"href":"https:\/\/ad-analysis.com\/sw\/wp-json\/wp\/v2\/pages\/347\/revisions"}],"predecessor-version":[{"id":1688,"href":"https:\/\/ad-analysis.com\/sw\/wp-json\/wp\/v2\/pages\/347\/revisions\/1688"}],"wp:attachment":[{"href":"https:\/\/ad-analysis.com\/sw\/wp-json\/wp\/v2\/media?parent=347"}],"curies":[{"name":"wp","href":"https:\/\/api.w.org\/{rel}","templated":true}]}}