{"id":364,"date":"2018-08-08T20:52:04","date_gmt":"2018-08-08T20:52:04","guid":{"rendered":"https:\/\/ad-analysis.com\/wp_exelect\/?page_id=364"},"modified":"2018-10-26T11:53:26","modified_gmt":"2018-10-26T11:53:26","slug":"privacy-policy","status":"publish","type":"page","link":"https:\/\/ad-analysis.com\/sw\/privacy-policy\/","title":{"rendered":"Privacy Policy"},"content":{"rendered":"<p><span style=\"color: #000000;\"><span style=\"font-family: Arial, sans-serif;\"><span style=\"font-size: medium;\"><span lang=\"sv-SE\">Vi f\u00f6rst\u00e5r att dina f\u00f6retagsuppgifter och dina arbetss\u00f6kandes uppgifter \u00e4r mycket privata och vi vidtar alla f\u00f6rsiktighets\u00e5tg\u00e4rder f\u00f6r att de ska vara i tryggt och s\u00e4kert f\u00f6rvar. Denna integritetspolicy (&#8220;Policy&#8221;) beskriver hur Performia International AB samlar in, anv\u00e4nder och delar personuppgifter fr\u00e5n anv\u00e4ndare av v\u00e5ra webbplatser som finns p\u00e5 <\/span><\/span><\/span><span style=\"font-family: Arial, sans-serif;\"><span style=\"font-size: medium;\"><a href=\"https:\/\/ad-analysis.com\/\">www.exelect.com<\/a> och <a href=\"http:\/\/www.tech.interspeedia.com\/\">www.tech.interspeedia.com<\/a> <\/span><\/span><\/span><\/p>\n<p lang=\"sv-SE\"><span style=\"color: #000000;\"><span style=\"font-family: Arial, sans-serif;\"><span style=\"font-size: medium;\">N\u00e4r du anv\u00e4nder v\u00e5ra tj\u00e4nster vill vi att du ska vara p\u00e5 det klara med hur vi anv\u00e4nder information och p\u00e5 vilka s\u00e4tt du kan skydda din integritet.<\/p>\n<p>V\u00e5r policy f\u00f6rklarar:<\/span><\/span><\/span><\/p>\n<ul>\n<li>\n<p lang=\"sv-SE\"><span style=\"color: #000000;\"><span style=\"font-family: Arial, sans-serif;\"><span style=\"font-size: medium;\">Vilken information vi samlar in och varf\u00f6r vi samlar in den<\/span><\/span><\/span><\/p>\n<\/li>\n<li>\n<p lang=\"sv-SE\"><span style=\"color: #000000;\"><span style=\"font-family: Arial, sans-serif;\"><span style=\"font-size: medium;\">Hur vi anv\u00e4nder den informationen<\/span><\/span><\/span><\/p>\n<\/li>\n<li><span style=\"color: #000000;\"><span style=\"font-family: Arial, sans-serif;\"><span style=\"font-size: medium;\"><span lang=\"sv-SE\">De valm\u00f6jligheter vi erbjuder och hur du f\u00e5r tillg\u00e5ng till och uppdaterar information<\/span> <\/span><\/span><\/span><\/li>\n<\/ul>\n<p><span style=\"color: #000000;\"><span style=\"font-family: Arial, sans-serif;\"><span style=\"font-size: medium;\"><span lang=\"sv-SE\">Vi har f\u00f6rs\u00f6kt att h\u00e5lla det s\u00e5 enkelt som m\u00f6jligt, men om du inte \u00e4r bekant med termer som kakor, IP-adresser och webbl\u00e4sare &#8211; kan definitionerna och exemplen hittas online via Google och vi rekommenderar att du f\u00f6rst l\u00e4ser om dessa facktermer. Din integritet \u00e4r viktig f\u00f6r oss, s\u00e5 oavsett om du \u00e4r en ny eller gammal anv\u00e4ndare eller arbetss\u00f6kande, var v\u00e4nlig ta dig tid att l\u00e4ra k\u00e4nna v\u00e5ra rutiner och om du har n\u00e5gra fr\u00e5gor, kontakta oss g\u00e4rna p\u00e5 <\/span><\/span><\/span><\/span><a href=\"mailto:privacy@performia.net\"><span style=\"font-family: Arial, sans-serif;\">privacy@performia.net<\/span><\/a><span style=\"color: #000000;\"><span style=\"font-family: Arial, sans-serif;\"><span style=\"font-size: medium;\"><span lang=\"sv-SE\">.<\/span><\/span><\/span><\/span><\/p>\n<p><span style=\"font-family: Arial, sans-serif;\"><span style=\"font-size: large;\"><span lang=\"sv-SE\"><b>Viktig information<\/b><\/span><\/span><span lang=\"sv-SE\"><\/p>\n<p><\/span><span lang=\"sv-SE\"><b>Vilka vi \u00e4r <\/b><\/span><span lang=\"sv-SE\">&#8211; Med tanke p\u00e5 dataskyddslagstiftningen i EU (GDPR) \u00e4r personuppgiftsansvarig f\u00f6r dina personuppgifter Performia International AB, Bergviksgatan 27, 15250 S\u00f6dert\u00e4lje, Sverige, EU. V\u00e5ra tj\u00e4nster tillhandah\u00e5lls direkt av Performia International AB eller av v\u00e5ra dotterbolag som \u00e4r separata och oberoende juridiska personer.<\/p>\n<p>Varje enskild, global, nationell, regional eller praxisspecifik webbplats inom performia.com tillhandah\u00e5lls av en enskild enhet inom Performias n\u00e4tverk.<\/p>\n<p><\/span><span lang=\"sv-SE\"><b>\u00c4ndringar av denna policy<\/b><\/span><span lang=\"sv-SE\"> &#8211; Vi publicerar alla eventuella korrigeringar eller \u00e4ndringar i policyn p\u00e5 v\u00e5r webbplats. Vi f\u00f6rbeh\u00e5ller oss r\u00e4tten att \u00e4ndra policyn n\u00e4r som helst, s\u00e5 vi uppmuntrar dig att l\u00e4sa den regelbundet. <\/span><\/span><\/p>\n<p><a name=\"result_box3\"><\/a><\/p>\n<p lang=\"sv-SE\"><span style=\"font-family: Arial, sans-serif;\"><span style=\"font-size: large;\"><b>Vad vi samlar in<\/b><\/span><\/span><\/p>\n<p><a name=\"result_box4\"><\/a><span style=\"font-family: Arial, sans-serif;\"><span lang=\"sv-SE\"><br \/>\nDet finns en m\u00e4ngd information vi samlar in fr\u00e5n dig s\u00e5 att du kan anv\u00e4nda v\u00e5ra tj\u00e4nster. Denna information kan inkludera:<br \/>\n<\/span><\/span><\/p>\n<ul>\n<li><span style=\"font-family: Arial, sans-serif;\"><span lang=\"sv-SE\"><b>Information du ger oss<\/b><\/span><\/span><span style=\"font-family: Arial, sans-serif;\"><span lang=\"sv-SE\"><br \/>\nN\u00e4r du \u00e4r v\u00e5r kund samlar vi in din e-postadress, f\u00f6rnamn och efternamn, f\u00f6retagets adress, firmanamn, telefonnummer, faxnummer (om till\u00e4mpligt), och f\u00f6retagsuppgifter som kr\u00e4vs f\u00f6r finansiella transaktioner.<\/p>\n<p>N\u00e4r du \u00e4r arbetss\u00f6kande samlar vi in din e-postadress, f\u00f6rnamn och efternamn, adress, CV, f\u00f6delsedatum, IP-adress och de fr\u00e5geformul\u00e4r och tester du besvarat.<\/span><\/span><\/li>\n<li><span style=\"font-family: Arial, sans-serif;\"><span lang=\"sv-SE\"><b>Enhetsinformation<\/b><\/span><\/span><span style=\"font-family: Arial, sans-serif;\"><span lang=\"sv-SE\"> &#8211; Om du rapporterar problem med din inloggning till v\u00e5rt system samlar vi in enhetsspecifik information som exempelvis operativsystem, om du anv\u00e4nder dator eller smartphone, enhetens IP-adress, webbl\u00e4sare och sk\u00e4rmuppl\u00f6sning. Dessa data hj\u00e4lper oss att identifiera problemet och l\u00f6sa det snabbare.<\/span><\/span>\n<p lang=\"sv-SE\"><a name=\"result_box5\"><\/a><\/p>\n<\/li>\n<li><span style=\"font-family: Arial, sans-serif;\"><span lang=\"sv-SE\"><b>Logginformation<\/b><\/span><\/span><span style=\"font-family: Arial, sans-serif;\"><span lang=\"sv-SE\"> &#8211; n\u00e4r du anv\u00e4nder v\u00e5ra tj\u00e4nster eller tittar p\u00e5 inneh\u00e5ll som tillhandah\u00e5lls av Performia International AB samlar vi automatiskt in och lagrar viss information i serverloggar. Detta inkluderar:<\/span><\/span>\n<p lang=\"sv-SE\"><span style=\"font-family: Arial, sans-serif;\">&#8211; Detaljer om hur du anv\u00e4nder v\u00e5ra tj\u00e4nster<\/span><\/p>\n<\/li>\n<\/ul>\n<p lang=\"sv-SE\"><span style=\"font-family: Arial, sans-serif;\"> &#8211; IP-adress<\/span><\/p>\n<p lang=\"sv-SE\"><span style=\"font-family: Arial, sans-serif;\"> &#8211; Kakor som kan identifiera din webbl\u00e4sare<\/span><\/p>\n<p lang=\"sv-SE\"><span style=\"font-family: Arial, sans-serif;\"> &#8211; Anv\u00e4ndarens geografiska plats<\/span><\/p>\n<ul>\n<li><span style=\"font-family: Arial, sans-serif;\"><b>Kakor<\/b><\/span><span style=\"font-family: Arial, sans-serif;\"><span lang=\"sv-SE\"><b> och liknande tekniker<\/b><\/span><\/span><span style=\"font-family: Arial, sans-serif;\"><span lang=\"sv-SE\"> &#8211; Vi anv\u00e4nder olika tekniker f\u00f6r att samla in och lagra information n\u00e4r du bes\u00f6ker Performias webbsida, det kan inneb\u00e4ra anv\u00e4ndandet av kakor och liknande teknik f\u00f6r att identifiera din webbl\u00e4sare eller enhet. Vi anv\u00e4nder \u00e4ven dessa tekniker f\u00f6r att samla och lagra information n\u00e4r du interagerar med tj\u00e4nster vi erbjuder. Vi anv\u00e4nder ocks\u00e5 Google Analytics som hj\u00e4lper oss att analysera trafiken till v\u00e5ra webbsidor och vi anv\u00e4nder \u00e4ven kakor f\u00f6r statistiska \u00e4ndam\u00e5l &#8211; vi samlar in uppgifter om hur bes\u00f6karna anv\u00e4nder webbplatsen.<\/span><\/span><\/li>\n<\/ul>\n<p lang=\"sv-SE\"><span style=\"font-family: Arial, sans-serif;\"><span style=\"font-size: large;\"><b>Vad vi g\u00f6r med denna information<\/b><\/span><\/span><\/p>\n<p lang=\"sv-SE\"><a name=\"result_box6\"><\/a><\/p>\n<p lang=\"sv-SE\"><span style=\"font-family: Arial, sans-serif;\">Vi anv\u00e4nder informationen som vi samlar in p\u00e5 f\u00f6ljande s\u00e4tt:<br \/>\n<\/span><\/p>\n<ul>\n<li>\n<p lang=\"sv-SE\"><span style=\"font-family: Arial, sans-serif;\">F\u00f6r att driva, underh\u00e5lla och f\u00f6rb\u00e4ttra v\u00e5ra tj\u00e4nster<\/span><\/p>\n<\/li>\n<\/ul>\n<ul>\n<li>\n<p lang=\"sv-SE\"><span style=\"font-family: Arial, sans-serif;\">F\u00f6r att skapa ditt konto, identifiera dig som en anv\u00e4ndare\/arbetss\u00f6kande<\/span><\/p>\n<\/li>\n<li>\n<p lang=\"sv-SE\"><span style=\"font-family: Arial, sans-serif;\">F\u00f6r att skicka PR-kommunikation &#8211; det kan inneh\u00e5lla erbjudanden via e-post, meddelanden fr\u00e5n systemet, unders\u00f6kningar eller andra nyhetsbrev. Du kan n\u00e4r som helst tacka nej till att f\u00e5 e-postmeddelanden med reklam: dessa meddelanden kommer att informera dig om hur du &#8220;avprenummererar&#8221; dem.<\/span><\/p>\n<\/li>\n<li>\n<p lang=\"sv-SE\"><span style=\"font-family: Arial, sans-serif;\">F\u00f6r att kunna skicka administrativ kommunikation. Dessa kan inneh\u00e5lla administrativa e-postmeddelanden, bekr\u00e4ftelser, tekniska notiser, uppdateringar och s\u00e4kerhetsvarningar.<\/span><\/p>\n<\/li>\n<li>\n<p lang=\"sv-SE\"><span style=\"font-family: Arial, sans-serif;\">F\u00f6r att besvara p\u00e5 dina kommentarer och fr\u00e5gor samt ge dig anv\u00e4ndarsupport.<\/span><\/p>\n<\/li>\n<li>\n<p lang=\"sv-SE\"><span style=\"font-family: Arial, sans-serif;\">F\u00f6r att skydda, utreda och avskr\u00e4cka mot bedr\u00e4glig, obeh\u00f6rig eller olaglig aktivitet. <\/span><\/p>\n<\/li>\n<\/ul>\n<p lang=\"sv-SE\"><span style=\"font-family: Arial, sans-serif;\"><span style=\"font-size: large;\"><b>Transparens och valm\u00f6jligheter<\/b><\/span><\/span><\/p>\n<p lang=\"sv-SE\"><span style=\"font-family: Arial, sans-serif;\"><br \/>\nM\u00e4nniskor har olika privata angel\u00e4genheter. V\u00e5rt m\u00e5l \u00e4r att vara tydlig med vilken information vi samlar in s\u00e5 att du kan g\u00f6ra ett eget val av hur den anv\u00e4nds:<\/p>\n<p>Du kan granska, uppdatera eller radera dina data genom att bara logga in med dina inloggningsuppgifter i v\u00e5rt system.<\/p>\n<p>Du kan ta bort kakorna fr\u00e5n din webbl\u00e4sare eller blockera dem. Det \u00e4r dock viktigt att komma ih\u00e5g att v\u00e5ra tj\u00e4nster som tillhandah\u00e5lls p\u00e5 v\u00e5ra webbsidor kanske inte fungerar korrekt om kakor \u00e4r inaktiverade.<\/span><\/p>\n<p lang=\"sv-SE\"><span style=\"font-family: Arial, sans-serif;\"><span style=\"font-size: large;\"><b>Att logga in och uppdatera din personliga information<\/b><\/span><\/span><\/p>\n<p lang=\"sv-SE\"><span style=\"font-family: Arial, sans-serif;\"><br \/>\nN\u00e4r du \u00e4n anv\u00e4nder v\u00e5ra tj\u00e4nster str\u00e4var vi efter att ge dig tillg\u00e5ng till din personliga information. Om den informationen \u00e4r felaktig str\u00e4var vi efter att ge dig m\u00f6jlighet att uppdatera den snabbt eller radera den (om vi inte beh\u00f6ver beh\u00e5lla den informationen f\u00f6r legitima aff\u00e4rer eller juridiska \u00e4ndam\u00e5l)<\/p>\n<p>Vi str\u00e4var efter att underh\u00e5lla v\u00e5ra tj\u00e4nster p\u00e5 ett s\u00e4tt som skyddar informationen fr\u00e5n oavsiktlig eller avsiktlig f\u00f6rst\u00f6relse. Om du raderar information fr\u00e5n v\u00e5ra tj\u00e4nster kan vi p\u00e5 grund av detta inte omedelbart radera \u00e5terst\u00e5ende kopior och inte ta bort information fr\u00e5n v\u00e5r aktiva server och inte omedelbart fr\u00e5n v\u00e5ra backup-system.<\/span><\/p>\n<p lang=\"sv-SE\"><span style=\"font-family: Arial, sans-serif;\"><span style=\"font-size: large;\"><b>Information vi delar<\/b><\/span><\/span><\/p>\n<p><a name=\"result_box7\"><\/a><span style=\"font-family: Arial, sans-serif;\"><span style=\"font-size: large;\"><span lang=\"sv-SE\"><b><br \/>\n<\/b><\/span><\/span><span style=\"font-size: medium;\"><span lang=\"sv-SE\">Vi delar inte dina personuppgifter med f\u00f6retag, organisationer eller personer utanf\u00f6r Performia om inte n\u00e5gon av f\u00f6ljande omst\u00e4ndigheter r\u00e5der: <\/span><\/span><\/span><\/p>\n<ul>\n<li><span style=\"font-family: Arial, sans-serif;\"><span lang=\"sv-SE\"><b>Tredje part som utsetts av dig<\/b><\/span><span lang=\"sv-SE\">: Vi kan komma att dela dina persondata med tredje part d\u00e4r du har gett ditt samtycke till det.<\/span><\/span><\/li>\n<li><span style=\"font-family: Arial, sans-serif;\"><span lang=\"sv-SE\"><b>V\u00e5r tredjepartsleverant\u00f6r (g\u00e4ller endast f\u00f6r kunder)<\/b><\/span><span lang=\"sv-SE\">: Vi kan komma att dela dina personuppgifter med v\u00e5ra tredjepartsleverant\u00f6rer som tillhandah\u00e5ller tj\u00e4nster som exempelvis dataanalyser, fakturering, informationsteknik och relaterad infrastruktur, e-posthantering och andra liknande tj\u00e4nster. Vi kr\u00e4ver att v\u00e5ra tredjepartsleverant\u00f6rer endast anv\u00e4nder dina personuppgifter f\u00f6r att tillhandah\u00e5lla de tj\u00e4nster vi har beg\u00e4rt.<br \/>\n<\/span><\/span><\/p>\n<p><span style=\"font-family: Arial, sans-serif;\"><span lang=\"sv-SE\">V\u00e5ra tredjepartsleverant\u00f6rer \u00e4r:<\/p>\n<p>&#8211; RAYNET s.r.o., Francouzska 6167\/5, Poruba 70800, Ostrava, Tjeckien<br \/>\n&#8211; QUANDA International s.r.o., Podebradska 206\/57, 198 00 Praha 9, Tjeckien<br \/>\n&#8211; Sengrid, 1801 California Street, Denver, CO 80202, USA<br \/>\n&#8211; SMSAPI &#8211; ComVision sp. z o. o., ul. Toszecka 10,144-100 Gliwice, Polen<br \/>\n&#8211; Equinix Inc. &#8211; Via Francesco Sforza 13, 20080 Basiglio (MI), Italien<br \/>\n&#8211; LibertyLine s.r.l. &#8211; Via Macaggi 17, 16121 Genova, Italia<br \/>\n&#8211; Fortnox AB, Bollgatan 3B, 352 46 V\u00e4xj\u00f6, Sverige<\/span> <\/span><\/p>\n<p><a name=\"result_box8\"><\/a><\/li>\n<li><span style=\"font-family: Arial, sans-serif;\"><span lang=\"sv-SE\"><b>Omstrukturering av f\u00f6retag<\/b><\/span><span lang=\"sv-SE\"> &#8211; Vi kan komma att dela personlig information n\u00e4r vi tr\u00e4ffar en aff\u00e4rs\u00f6verenskommelse, eller f\u00f6rhandlar om en aff\u00e4rs\u00f6verenskommelse som inneb\u00e4r f\u00f6rs\u00e4ljning eller \u00f6vertagande av hela eller delar av v\u00e5r verksamhet eller tillg\u00e5ngar. Dessa uppgifter kan innefatta eventuella fusioner, finansiering, f\u00f6rv\u00e4rv eller konkursf\u00f6rhandlingar.<\/span><\/span>\n<p lang=\"sv-SE\"><a name=\"result_box9\"><\/a><\/p>\n<\/li>\n<li><span style=\"font-family: Arial, sans-serif;\"><span lang=\"sv-SE\"><b>Administrat\u00f6rer<\/b><\/span><span lang=\"sv-SE\"> &#8211; Ditt konto hanteras \u00e4ven av v\u00e5ra lokala\/nationella eller globala administrat\u00f6r. Det inneb\u00e4r att administrat\u00f6ren och \u00e5terf\u00f6rs\u00e4ljarna som tillhandah\u00e5ller anv\u00e4ndarsupport till din organisation eller till dig som enskild person kommer att ha tillg\u00e5ng till din kontoinformation (inklusive din e-post och andra uppgifter). Din nationella administrat\u00f6r kan komma att:\n<p>&#8211; Se statistik g\u00e4llande ditt konto (anv\u00e4ndningen av tj\u00e4nsterna)<br \/>\n&#8211; Logga in p\u00e5 ditt konto f\u00f6r att hj\u00e4lpa dig att l\u00f6sa ditt problem<br \/>\n&#8211; Avbryta eller avsluta din konto\u00e5tkomst<br \/>\n&#8211; F\u00e5 tillg\u00e5ng till eller bevara information som \u00e4r lagrad p\u00e5 ditt konto<\/span><\/span><\/p>\n<p lang=\"sv-SE\"><a name=\"result_box10\"><\/a><\/p>\n<\/li>\n<li><span style=\"font-family: Arial, sans-serif;\"><span style=\"font-size: medium;\"><span lang=\"sv-SE\"><b>\u00d6vriga upplysningar<\/b><\/span><\/span><span style=\"font-size: medium;\"><span lang=\"sv-SE\"> &#8211; Vi kan komma att dela personuppgifter som vi anser vara n\u00f6dv\u00e4ndiga eller l\u00e4mpliga; a) f\u00f6r att f\u00f6lja g\u00e4llande lagar; b) f\u00f6r att tillgodose polismyndighets beg\u00e4ran och bist\u00e5 juridisk process inklusivt att svara p\u00e5 f\u00f6rfr\u00e5gningar fr\u00e5n offentliga myndigheter f\u00f6r att uppfylla nationella s\u00e4kerhets- eller brottsbek\u00e4mpningskrav; c) f\u00f6r att genomdriva v\u00e5r Policy; och d) f\u00f6r att skydda v\u00e5ra och\/eller dina eller andras r\u00e4ttigheter, integritet, s\u00e4kerhet eller egendom.<\/span><\/span> <\/span><\/li>\n<\/ul>\n<p lang=\"sv-SE\"><span style=\"font-family: Arial, sans-serif;\"><span style=\"font-size: large;\"><b><br \/>\nInformationss\u00e4kerhet<\/b><\/span><\/span><\/p>\n<p lang=\"sv-SE\"><span style=\"font-family: Arial, sans-serif;\"><br \/>\nVi arbetar h\u00e5rt f\u00f6r att skydda v\u00e5ra anv\u00e4ndare mot obeh\u00f6rigt tilltr\u00e4de eller obeh\u00f6rig \u00e4ndring, avsl\u00f6jande eller f\u00f6rst\u00f6relse av information. I synnerhet f\u00f6ljande:<\/span><\/p>\n<ul>\n<li>\n<p lang=\"sv-SE\"><span style=\"font-family: Arial, sans-serif;\">Vi krypterar v\u00e5ra tj\u00e4nster med SSL<\/span><\/p>\n<\/li>\n<\/ul>\n<p lang=\"sv-SE\"><span style=\"font-family: Arial, sans-serif;\">Vi begr\u00e4nsar \u00e5tkomsten till personlig information f\u00f6r v\u00e5ra anst\u00e4llda, entrepren\u00f6rer och ombud som beh\u00f6ver k\u00e4nna till den informationen f\u00f6r att tillhandah\u00e5lla den f\u00f6r oss och\/eller f\u00f6r att leverera service till dig, och som \u00e4r f\u00f6rem\u00e5l f\u00f6r strikta sekretessavtal och kan bestraffas eller utest\u00e4ngas om de inte uppfyller dessa skyldigheter. <\/span><\/p>\n<p><span style=\"font-family: Arial, sans-serif;\"><span style=\"font-size: large;\"><span lang=\"sv-SE\"><b>Anonyma data<\/b><\/span><\/span><\/span><\/p>\n<p><a name=\"result_box12\"><\/a><span style=\"font-family: Arial, sans-serif;\"><span lang=\"sv-SE\">N\u00e4r vi anv\u00e4nder termen &#8220;anonyma data&#8221; syftar vi p\u00e5 data och information som inte identifierar dig eller g\u00f6r dig identifierbar, varken enskilt eller i kombination med annan tillg\u00e4nglig information som \u00e4r \u00e5tkomlig f\u00f6r tredje part.<\/p>\n<p>Vi kan komma att skapa anonyma data fr\u00e5n de personuppgifter vi mottar om dig och andra personer vars personuppgifter vi samlar in. Anonyma data kan inneh\u00e5lla analysinformation och information som samlats in av oss med hj\u00e4lp av kakor. Vi omvandlar personuppgifter till anonyma data genom att utesluta information, som till exempel ditt namn, e-postadress, telefonnummer och f\u00f6delsedatum m.m. som g\u00f6r dig identifierbar. Vi anv\u00e4nder den anonyma datan f\u00f6r statistiska \u00e4ndam\u00e5l och f\u00f6r att f\u00f6rb\u00e4ttra v\u00e5r service.<\/span> <\/span><\/p>\n<p><span style=\"font-family: Arial, sans-serif;\"><span style=\"font-size: large;\"><span lang=\"sv-SE\"><b>Informationsval och \u00e4ndringar<\/b><\/span><\/span><\/span><span style=\"font-family: Arial, sans-serif;\"><span lang=\"sv-SE\"><\/p>\n<p><\/span><\/span><span style=\"font-family: Arial, sans-serif;\"><span lang=\"sv-SE\"><b>Opt-out <\/b><\/span><\/span><span style=\"font-family: Arial, sans-serif;\"><span lang=\"sv-SE\">&#8211; Du kan kontakta oss n\u00e4r som helst f\u00f6r att v\u00e4lja bort a) PR-kommunikation, b) varje ny behandling av dina personuppgifter som vi kan komma att utf\u00f6ra ut\u00f6ver det ursprungliga \u00e4ndam\u00e5let, eller c) utl\u00e4mnande av dina personuppgifter utanf\u00f6r EU. Observera att din anv\u00e4ndning av n\u00e5gon eller n\u00e5gra av v\u00e5ra tj\u00e4nster kan bli ineffektiv vid detta val.<\/p>\n<p><\/span><\/span><span style=\"font-family: Arial, sans-serif;\"><span lang=\"sv-SE\"><b>Tilltr\u00e4de<\/b><\/span><\/span><span style=\"font-family: Arial, sans-serif;\"><span lang=\"sv-SE\"> \u2013 Du kan n\u00e4r som helst f\u00e5 tillg\u00e5ng till den information vi har om dig genom att bes\u00f6ka ditt konto hos Exelect p\u00e5<\/span><\/span> <a href=\"https:\/\/ad-analysis.com\/\"><span style=\"font-family: Arial, sans-serif;\">www.exelect.com<\/span><\/a><span style=\"font-family: Arial, sans-serif;\"><span style=\"font-size: medium;\"><span lang=\"sv-SE\"> och <\/span><\/span><\/span><a href=\"http:\/\/www.tech.interspeedia.com\/\"><span style=\"font-family: Arial, sans-serif;\">www.tech.interspeedia.com<\/span><\/a> <span style=\"font-family: Arial, sans-serif;\"><span lang=\"sv-SE\"><\/p>\n<p><\/span><\/span><span style=\"font-family: Arial, sans-serif;\"><span lang=\"sv-SE\"><b>Flytta<\/b><\/span><\/span><span style=\"font-family: Arial, sans-serif;\"><span lang=\"sv-SE\"> &#8211; Som arbetss\u00f6kande \u00e4r dina personuppgifter flyttbara &#8211; du har m\u00f6jlighet att ladda ner dina personuppgifter i PDF-format och flytta dem till en annan tj\u00e4nsteleverant\u00f6r om du s\u00e5 \u00f6nskar.<\/span><\/span><\/p>\n<p><a name=\"result_box13\"><\/a><\/p>\n<p><span style=\"font-family: Arial, sans-serif;\"><span lang=\"sv-SE\"><b>Radera<\/b><\/span><\/span><span style=\"font-family: Arial, sans-serif;\"><span lang=\"sv-SE\"> &#8211; i vissa situationer, till exempel n\u00e4r informationen vi har om dig inte l\u00e4ngre \u00e4r relevant eller \u00e4r felaktig, kan du beg\u00e4ra att vi raderar dina uppgifter. Annars raderas alla uppgifter om arbetss\u00f6kande automatiskt efter 5 \u00e5r.<\/p>\n<p>Om du gl\u00f6mt dina inloggningsuppgifter, kontakta oss direkt p\u00e5 <\/span><\/span><span style=\"font-family: Arial, sans-serif;\"><a href=\"mailto:privacy@performia.net\">privacy@performia.net<\/a> <\/span><span style=\"font-family: Arial, sans-serif;\"><span lang=\"sv-SE\">eller via v\u00e5r hemsida. I din beg\u00e4ran, var v\u00e4nlig klarg\u00f6r f\u00f6ljande, a) vilka personuppgifter ber\u00f6rs, b) f\u00f6retagsnamn c) din e-postadress som du anv\u00e4nde vid inloggning och d) vilken av de ovanst\u00e5ende r\u00e4ttigheter du vill utnyttja. F\u00f6r din s\u00e4kerhet kan vi endast tillgodose beg\u00e4randen med avseende p\u00e5 personuppgifter i samband med den specifika e-postadressen som du anv\u00e4nde f\u00f6r att skicka oss din beg\u00e4ran, och vi kan beh\u00f6va verifiera din identitet innan din beg\u00e4ran tillgodoses. Vi kommer att f\u00f6rs\u00f6ka tillgodose din f\u00f6rfr\u00e5gan s\u00e5 snart som m\u00f6jligt.<\/p>\n<p>Observera att vi m\u00e5ste beh\u00e5lla viss information f\u00f6r lagrings\u00e4ndam\u00e5l och \/eller f\u00f6r att slutf\u00f6ra en transaktion som du p\u00e5b\u00f6rjade innan du beg\u00e4rde \u00e4ndringen eller raderingen, om inte en l\u00e4ngre lagringsperiod kr\u00e4vs eller till\u00e5ts enligt lag (till exempel r\u00e4ttsliga f\u00f6reskrifter).<\/p>\n<p>N\u00e4r du mottar e-postreklam fr\u00e5n oss kan du ocks\u00e5 avskriva dig eller v\u00e4lja bort den genom att klicka p\u00e5 l\u00e4nken l\u00e4ngst ner i e-postmeddelandet. Du kan dock inte v\u00e4lja bort administrativ kommunikation.<\/span><\/span><\/p>\n<p><a name=\"result_box14\"><\/a><\/p>\n<p><span style=\"font-family: Arial, sans-serif;\"><span style=\"font-size: large;\"><span lang=\"sv-SE\"><b>Anv\u00e4ndares uttalanden och feedback<\/b><\/span><\/span><span lang=\"sv-SE\"><\/p>\n<p>Vi f\u00e5r ofta uttalanden och kommentarer fr\u00e5n anv\u00e4ndare som har haft positiva erfarenheter av v\u00e5ra tj\u00e4nster och vi publicerar dem ibland. Vi erh\u00e5ller anv\u00e4ndarens samtycke innan vi publicerar n\u00e5gon feedback p\u00e5 ett publikt omr\u00e5de av webbplatserna.<\/p>\n<p><\/span><span style=\"font-size: large;\"><span lang=\"sv-SE\">Vi lagrar dina personuppgifter konfidentiellt och s\u00e4kert.<\/span><\/span> <\/span><\/p>\n<p><a name=\"result_box15\"><\/a><\/p>\n","protected":false},"excerpt":{"rendered":"<p>Vi f\u00f6rst\u00e5r att dina f\u00f6retagsuppgifter och dina arbetss\u00f6kandes uppgifter \u00e4r mycket privata och vi vidtar alla f\u00f6rsiktighets\u00e5tg\u00e4rder f\u00f6r att de ska vara i tryggt och s\u00e4kert f\u00f6rvar. Denna integritetspolicy (&#8220;Policy&#8221;) beskriver hur Performia International AB samlar in, anv\u00e4nder och delar personuppgifter fr\u00e5n anv\u00e4ndare av v\u00e5ra webbplatser som finns p\u00e5 www.exelect.com och www.tech.interspeedia.com N\u00e4r du anv\u00e4nder&hellip;<\/p>\n<p><a class=\"btn btn-primary\" href=\"https:\/\/ad-analysis.com\/sw\/privacy-policy\/\">Continue reading <i class=\"fas fa-arrow-right\"><\/i><\/a><\/p>\n","protected":false},"author":2,"featured_media":0,"parent":0,"menu_order":0,"comment_status":"closed","ping_status":"closed","template":"","meta":{"_acf_changed":false,"footnotes":""},"acf":[],"_links":{"self":[{"href":"https:\/\/ad-analysis.com\/sw\/wp-json\/wp\/v2\/pages\/364"}],"collection":[{"href":"https:\/\/ad-analysis.com\/sw\/wp-json\/wp\/v2\/pages"}],"about":[{"href":"https:\/\/ad-analysis.com\/sw\/wp-json\/wp\/v2\/types\/page"}],"author":[{"embeddable":true,"href":"https:\/\/ad-analysis.com\/sw\/wp-json\/wp\/v2\/users\/2"}],"replies":[{"embeddable":true,"href":"https:\/\/ad-analysis.com\/sw\/wp-json\/wp\/v2\/comments?post=364"}],"version-history":[{"count":4,"href":"https:\/\/ad-analysis.com\/sw\/wp-json\/wp\/v2\/pages\/364\/revisions"}],"predecessor-version":[{"id":1686,"href":"https:\/\/ad-analysis.com\/sw\/wp-json\/wp\/v2\/pages\/364\/revisions\/1686"}],"wp:attachment":[{"href":"https:\/\/ad-analysis.com\/sw\/wp-json\/wp\/v2\/media?parent=364"}],"curies":[{"name":"wp","href":"https:\/\/api.w.org\/{rel}","templated":true}]}}